{"id":13317,"date":"2023-03-23T14:15:36","date_gmt":"2023-03-23T19:15:36","guid":{"rendered":"https:\/\/manitobalg.ca\/?page_id=13317"},"modified":"2023-05-01T11:57:22","modified_gmt":"2023-05-01T16:57:22","slug":"prix","status":"publish","type":"page","link":"https:\/\/manitobalg.ca\/fr-ca\/prix\/","title":{"rendered":"Prix"},"content":{"rendered":"<p>Les lieutenants-gouverneurs du Manitoba ont mis en place plusieurs programmes visant \u00e0 reconna\u00eetre les r\u00e9alisations exceptionnelles, souvent en partenariat avec des organismes provinciaux, communautaires et professionnels. Vous trouverez ci-dessous la liste compl\u00e8te des prix du lieutenant-gouverneur.<\/p>\n<p>D\u2019autres prix sont remis par l\u2019entremise de la Chancellerie des distinctions honorifiques; veuillez <a href=\"https:\/\/www.gg.ca\/fr\/distinctions\" target=\"_blank\" rel=\"noopener\">cliquer ici<\/a> pour plus d\u2019information.<\/p>\n<h2>Prix du lieutenant-gouverneur<\/h2>\n<h3><a href=\"https:\/\/www.ipac.ca\/Manitoba\/Events___Awards\/LG_Award.aspx\">Prix du lieutenant-gouverneur pour l\u2019excellence en administration publique<\/a><\/h3>\n<p>D\u00e9cern\u00e9 annuellement \u00e0 un praticien du secteur public dont la carri\u00e8re r\u00e9pond aux plus hautes normes d\u2019excellence, de d\u00e9vouement et d\u2019accomplissement au sein d\u2019une organisation municipale, provinciale ou f\u00e9d\u00e9rale dans la province. Cr\u00e9\u00e9 par l\u2019honorable\u00a0Pearl\u00a0McGonigal en 1986.<\/p>\n<h3>Prix du lieutenant-gouverneur pour contribution exceptionnelle \u00e0 la communaut\u00e9<\/h3>\n<p>Deux statuettes de cristal. D\u00e9cern\u00e9es annuellement dans le cadre de la soir\u00e9e de la Manitoba Chambers of Commerce c\u00e9l\u00e9brant l\u2019excellence dans le domaine des affaires \u00e0 une personne et \u00e0 une entreprise ayant contribu\u00e9 de mani\u00e8re exceptionnelle au bien-\u00eatre de la communaut\u00e9 et \u00e0 la qualit\u00e9 de vie au Manitoba par son soutien aux \u0153uvres de charit\u00e9, aux \u00e9tablissements d\u2019enseignement, aux institutions culturelles, au sport amateur ou \u00e0 d\u2019autres initiatives communautaires b\u00e9n\u00e9voles. Cr\u00e9\u00e9 en\u00a02001 par l\u2019honorable Peter\u00a0M.\u00a0Liba.<\/p>\n<h3>Prix du lieutenant-gouverneur pour la compr\u00e9hension entre les religions<\/h3>\n<p>Pr\u00e9sent\u00e9 tous les ans \u00e0 une personne qui incarne au mieux la compr\u00e9hension entre tous les groupes religieux lors d\u2019une c\u00e9r\u00e9monie \u00e0 la r\u00e9sidence du lieutenant-gouverneur. Cr\u00e9\u00e9 par l\u2019honorable Philip\u00a0S.\u00a0Lee en\u00a02010.<\/p>\n<p><a href=\"https:\/\/manitobalg.ca\/wp-content\/uploads\/2022\/01\/Terms-of-Reference-LG-Award-for-the-Promotion-of-Interreligious-Understanding-2020-2.pdf\" target=\"_blank\" rel=\"noopener\">Formulaire sur les crit\u00e8res et sur la candidature (en anglais seulement)<\/a><\/p>\n<h3>Prix du lieutenant-gouverneur pour la pr\u00e9servation et la promotion du patrimoine historique<\/h3>\n<p>Cinq prix pr\u00e9sent\u00e9s tous les ans aux personnes qui ont rendu des services prolong\u00e9s et m\u00e9ritoires dans le domaine de la pr\u00e9servation et de la promotion de l\u2019histoire et du patrimoine du Manitoba. Cr\u00e9\u00e9 par l\u2019honorable Philip\u00a0S.\u00a0Lee en\u00a02011.<\/p>\n<p><a href=\"http:\/\/www.mhs.mb.ca\/info\/awards\/lg\/index_fr.shtml\" target=\"_blank\" rel=\"noopener\">Formulaire de mise en candidature<\/a><\/p>\n<h3><a href=\"https:\/\/www.volunteermanitoba.ca\/awards_details.php?id=1\">Prix du lieutenant-gouverneur pour le leadership communautaire<\/a><\/h3>\n<p>Ce prix est d\u00e9cern\u00e9 chaque ann\u00e9e \u00e0 trois personnes au maximum, une dans chacune des cat\u00e9gories suivantes : r\u00e9gions rurales et du nord du Manitoba, r\u00e9gions urbaines du Manitoba, jeunes (16 \u00e0 30 ans). Ce prix r\u00e9compense des personnes de partout au Manitoba pour leur contribution exceptionnelle \u00e0 la communaut\u00e9 gr\u00e2ce \u00e0 leur leadership dans le cadre de services b\u00e9n\u00e9voles. Cr\u00e9\u00e9 en\u00a02000 par l\u2019honorable Peter\u00a0M.\u00a0Liba.<\/p>\n<h3>Troph\u00e9e du lieutenant-gouverneur<\/h3>\n<p>Troph\u00e9e en verre pr\u00e9sent\u00e9 par la lieutenante-gouverneure \u00e0 la suite du match de la m\u00e9daille d\u2019or au tournoi invitation annuel de la ligue f\u00e9minine de hockey junior du Manitoba, qui s\u2019est d\u00e9roul\u00e9 la premi\u00e8re fin de semaine de f\u00e9vrier.<\/p>\n<h3>Manitoba Provincial Rifle Association<\/h3>\n<p>Prix d\u00e9cern\u00e9 annuellement au concurrent obtenant le meilleur pointage total lors du match du lieutenant-gouverneur (tir \u00e0 des distances de 300, 400, 600, 800 et 900\u00a0verges).<\/p>\n<h3>Prix du vice-prieur de l\u2019Ambulance Saint-Jean<\/h3>\n<p>Troph\u00e9e. Instaur\u00e9 par l\u2019Ambulance Saint-Jean en 2008, ce prix est d\u00e9cern\u00e9 annuellement \u00e0 la c\u00e9r\u00e9monie d\u2019investiture qui a lieu en mai \u00e0 la r\u00e9sidence du lieutenant-gouverneur. Il souligne la contribution exceptionnelle d\u2019une personne ou d\u2019un organisme communautaire \u00e0 la poursuite des objectifs de l\u2019Ordre et de l\u2019Ambulance Saint-Jean au Manitoba.<\/p>\n<h3>Troph\u00e9e du lieutenant-gouverneur \u2013 Winnipeg Music Competition Festival<\/h3>\n<p>D\u00e9cern\u00e9 annuellement \u00e0 la meilleure performance solo ou de groupe. Don de feu l\u2019honorable Errick F.\u00a0Willis, en 1963.<\/p>\n<h2>Prix scolaires<\/h2>\n<h3>Coll\u00e8ge communautaire Assiniboine (Brandon)<\/h3>\n<p>Deux m\u00e9dailles d\u2019argent. D\u00e9cern\u00e9es chaque ann\u00e9e pour r\u00e9compenser les \u00e9tudiants qui ont obtenu des r\u00e9sultats scolaires exceptionnels et qui ont apport\u00e9 une contribution significative \u00e0 l\u2019\u00e9tablissement d\u2019enseignement et \u00e0 la communaut\u00e9.<\/p>\n<h3>Universit\u00e9 de Brandon<\/h3>\n<p>Une m\u00e9daille d\u2019or. D\u00e9cern\u00e9e \u00e0 un \u00e9tudiant de premier cycle en arts, en sciences, en musique, en \u00e9ducation ou en sciences de la sant\u00e9 qui obtient la moyenne pond\u00e9r\u00e9e cumulative la plus \u00e9lev\u00e9e au cours de sa derni\u00e8re ann\u00e9e, \u00e0 l\u2019exclusion de la facult\u00e9 ou de l\u2019\u00e9cole d\u00e9j\u00e0 repr\u00e9sent\u00e9e par la m\u00e9daille d\u2019argent du gouverneur g\u00e9n\u00e9ral. Les dipl\u00f4m\u00e9s de l\u2019automne et de l\u2019hiver seront consid\u00e9r\u00e9s avec les \u00e9tudiants obtenant leur dipl\u00f4me en mai.<\/p>\n<h3>Coll\u00e8ge Red River (Winnipeg)<\/h3>\n<p>Un maximum de quatre m\u00e9dailles d\u2019argent sera d\u00e9cern\u00e9 chaque ann\u00e9e \u00e0 des \u00e9tudiants \u00e0 temps plein qui combinent, de fa\u00e7on exemplaire au cours de l\u2019ann\u00e9e d\u2019obtention de leur dipl\u00f4me\u00a0: a) leurs r\u00e9sultats scolaires et techniques, b) leur participation aux activit\u00e9s du coll\u00e8ge ou de la communaut\u00e9, c) leur bonne r\u00e9putation, et qui maintiennent une moyenne cumulative de 4,00 au minimum (ou l\u2019\u00e9quivalent). Jusqu\u2019\u00e0 deux m\u00e9dailles seront d\u00e9cern\u00e9es lors de la remise des dipl\u00f4mes du printemps, et jusqu\u2019\u00e0 deux m\u00e9dailles lors de la remise des dipl\u00f4mes d\u2019hiver.<\/p>\n<h3>Coll\u00e8ge universitaire du Nord<\/h3>\n<p>Une m\u00e9daille d\u2019or. D\u00e9cern\u00e9e chaque ann\u00e9e \u00e0 un \u00e9tudiant ayant fait preuve de comp\u00e9tences scolaires.<\/p>\n<h3>Coll\u00e8ge universitaire du Nord<\/h3>\n<p>Trois m\u00e9dailles d\u2019argent. D\u00e9cern\u00e9es chaque ann\u00e9e \u00e0 des \u00e9tudiants ayant fait preuve de comp\u00e9tences g\u00e9n\u00e9rales dans les programmes de formation professionnelle et les programmes menant \u00e0 l\u2019obtention d\u2019un dipl\u00f4me ou d\u2019un certificat (\u00e0 l\u2019exception des m\u00e9tiers).<\/p>\n<h3>Universit\u00e9 du Manitoba<\/h3>\n<p>Une m\u00e9daille d\u2019or. D\u00e9cern\u00e9e annuellement \u00e0 l\u2019\u00e9tudiant pr\u00e9sentant le meilleur dossier scolaire et les meilleures qualit\u00e9s personnelles durant l\u2019obtention de son dipl\u00f4me en agriculture. R\u00e9compense cr\u00e9\u00e9e en 1922.<\/p>\n<h3>Universit\u00e9 de Winnipeg<\/h3>\n<p>Une m\u00e9daille d\u2019or. D\u00e9cern\u00e9e annuellement \u00e0 l\u2019\u00e9tudiant admissible au baccalaur\u00e9at \u00e8s arts (g\u00e9n\u00e9ral) ayant obtenu le meilleur r\u00e9sultat, d\u2019apr\u00e8s ses notes finales dans les 15\u00a0meilleurs cours termin\u00e9s donnant droit \u00e0 des cr\u00e9dits.<\/p>\n","protected":false},"excerpt":{"rendered":"<p>Les lieutenants-gouverneurs du Manitoba ont mis en place plusieurs programmes visant \u00e0 reconna\u00eetre les r\u00e9alisations exceptionnelles, souvent en partenariat avec des organismes provinciaux, communautaires et professionnels. Vous trouverez ci-dessous la liste compl\u00e8te des prix du lieutenant-gouverneur. D\u2019autres prix sont remis par l\u2019entremise de la Chancellerie des distinctions honorifiques; veuillez cliquer ici pour plus d\u2019information. Prix du lieutenant-gouverneur Prix du lieutenant-gouverneur pour l\u2019excellence en administration publique D\u00e9cern\u00e9 annuellement \u00e0 un praticien du secteur public dont la carri\u00e8re r\u00e9pond aux plus hautes normes d\u2019excellence, de d\u00e9vouement et d\u2019accomplissement au sein d\u2019une organisation municipale, provinciale ou f\u00e9d\u00e9rale dans la province. Cr\u00e9\u00e9 par l\u2019honorable\u00a0Pearl\u00a0McGonigal en 1986. Prix du lieutenant-gouverneur pour contribution exceptionnelle \u00e0 la communaut\u00e9 Deux statuettes de cristal. D\u00e9cern\u00e9es annuellement dans le cadre de la soir\u00e9e de la Manitoba Chambers of Commerce c\u00e9l\u00e9brant l\u2019excellence dans le domaine des affaires \u00e0 une personne et \u00e0 une entreprise ayant contribu\u00e9 de mani\u00e8re exceptionnelle au bien-\u00eatre de la communaut\u00e9 et \u00e0 la qualit\u00e9 de vie au Manitoba par son soutien aux \u0153uvres de charit\u00e9, aux \u00e9tablissements d\u2019enseignement, aux institutions culturelles, au sport amateur ou \u00e0 d\u2019autres initiatives communautaires b\u00e9n\u00e9voles. Cr\u00e9\u00e9 en\u00a02001 par l\u2019honorable Peter\u00a0M.\u00a0Liba. Prix du lieutenant-gouverneur pour la compr\u00e9hension entre les religions Pr\u00e9sent\u00e9 tous les ans \u00e0 une personne qui incarne au mieux la compr\u00e9hension entre tous les groupes religieux lors d\u2019une c\u00e9r\u00e9monie \u00e0 la r\u00e9sidence du lieutenant-gouverneur. Cr\u00e9\u00e9 par l\u2019honorable Philip\u00a0S.\u00a0Lee en\u00a02010. Formulaire sur les crit\u00e8res et sur la candidature (en anglais seulement) Prix du lieutenant-gouverneur pour la pr\u00e9servation et la promotion du patrimoine historique Cinq prix pr\u00e9sent\u00e9s tous les ans aux personnes qui ont rendu des services prolong\u00e9s et m\u00e9ritoires dans le domaine de la pr\u00e9servation et de la promotion de l\u2019histoire et du patrimoine du Manitoba. Cr\u00e9\u00e9 par l\u2019honorable Philip\u00a0S.\u00a0Lee en\u00a02011. Formulaire de mise en candidature Prix du lieutenant-gouverneur pour le leadership communautaire Ce prix est d\u00e9cern\u00e9 chaque ann\u00e9e \u00e0 trois personnes au maximum, une dans chacune des cat\u00e9gories suivantes : r\u00e9gions rurales et du nord du Manitoba, r\u00e9gions urbaines du Manitoba, jeunes (16 \u00e0 30 ans). Ce prix r\u00e9compense des personnes de partout au Manitoba pour leur contribution exceptionnelle \u00e0 la communaut\u00e9 gr\u00e2ce \u00e0 leur leadership dans le cadre de services b\u00e9n\u00e9voles. Cr\u00e9\u00e9 en\u00a02000 par l\u2019honorable Peter\u00a0M.\u00a0Liba. Troph\u00e9e du lieutenant-gouverneur Troph\u00e9e en verre pr\u00e9sent\u00e9 par la lieutenante-gouverneure \u00e0 la suite du match de la m\u00e9daille d\u2019or au tournoi invitation annuel de la ligue f\u00e9minine de hockey junior du Manitoba, qui s\u2019est d\u00e9roul\u00e9 la premi\u00e8re fin de semaine de f\u00e9vrier. Manitoba Provincial Rifle Association Prix d\u00e9cern\u00e9 annuellement au concurrent obtenant le meilleur pointage total lors du match du lieutenant-gouverneur (tir \u00e0 des distances de 300, 400, 600, 800 et 900\u00a0verges). Prix du vice-prieur de l\u2019Ambulance Saint-Jean Troph\u00e9e. Instaur\u00e9 par l\u2019Ambulance Saint-Jean en 2008, ce prix est d\u00e9cern\u00e9 annuellement \u00e0 la c\u00e9r\u00e9monie d\u2019investiture qui a lieu en mai \u00e0 la r\u00e9sidence du lieutenant-gouverneur. Il souligne la contribution exceptionnelle d\u2019une personne ou d\u2019un organisme communautaire \u00e0 la poursuite des objectifs de l\u2019Ordre et de l\u2019Ambulance Saint-Jean au Manitoba. Troph\u00e9e du lieutenant-gouverneur \u2013 Winnipeg Music Competition Festival D\u00e9cern\u00e9 annuellement \u00e0 la meilleure performance solo ou de groupe. Don de feu l\u2019honorable Errick F.\u00a0Willis, en 1963. Prix scolaires Coll\u00e8ge communautaire Assiniboine (Brandon) Deux m\u00e9dailles d\u2019argent. D\u00e9cern\u00e9es chaque ann\u00e9e pour r\u00e9compenser les \u00e9tudiants qui ont obtenu des r\u00e9sultats scolaires exceptionnels et qui ont apport\u00e9 une contribution significative \u00e0 l\u2019\u00e9tablissement d\u2019enseignement et \u00e0 la communaut\u00e9. Universit\u00e9 de Brandon Une m\u00e9daille d\u2019or. D\u00e9cern\u00e9e \u00e0 un \u00e9tudiant de premier cycle en arts, en sciences, en musique, en \u00e9ducation ou en sciences de la sant\u00e9 qui obtient la moyenne pond\u00e9r\u00e9e cumulative la plus \u00e9lev\u00e9e au cours de sa derni\u00e8re ann\u00e9e, \u00e0 l\u2019exclusion de la facult\u00e9 ou de l\u2019\u00e9cole d\u00e9j\u00e0 repr\u00e9sent\u00e9e par la m\u00e9daille d\u2019argent du gouverneur g\u00e9n\u00e9ral. Les dipl\u00f4m\u00e9s de l\u2019automne et de l\u2019hiver seront consid\u00e9r\u00e9s avec les \u00e9tudiants obtenant leur dipl\u00f4me en mai. Coll\u00e8ge Red River (Winnipeg) Un maximum de quatre m\u00e9dailles d\u2019argent sera d\u00e9cern\u00e9 chaque ann\u00e9e \u00e0 des \u00e9tudiants \u00e0 temps plein qui combinent, de fa\u00e7on exemplaire au cours de l\u2019ann\u00e9e d\u2019obtention de leur dipl\u00f4me\u00a0: a) leurs r\u00e9sultats scolaires et techniques, b) leur participation aux activit\u00e9s du coll\u00e8ge ou de la communaut\u00e9, c) leur bonne r\u00e9putation, et qui maintiennent une moyenne cumulative de 4,00 au minimum (ou l\u2019\u00e9quivalent). Jusqu\u2019\u00e0 deux m\u00e9dailles seront d\u00e9cern\u00e9es lors de la remise des dipl\u00f4mes du printemps, et jusqu\u2019\u00e0 deux m\u00e9dailles lors de la remise des dipl\u00f4mes d\u2019hiver. Coll\u00e8ge universitaire du Nord Une m\u00e9daille d\u2019or. D\u00e9cern\u00e9e chaque ann\u00e9e \u00e0 un \u00e9tudiant ayant fait preuve de comp\u00e9tences scolaires. Coll\u00e8ge universitaire du Nord Trois m\u00e9dailles d\u2019argent. D\u00e9cern\u00e9es chaque ann\u00e9e \u00e0 des \u00e9tudiants ayant fait preuve de comp\u00e9tences g\u00e9n\u00e9rales dans les programmes de formation professionnelle et les programmes menant \u00e0 l\u2019obtention d\u2019un dipl\u00f4me ou d\u2019un certificat (\u00e0 l\u2019exception des m\u00e9tiers). Universit\u00e9 du Manitoba Une m\u00e9daille d\u2019or. D\u00e9cern\u00e9e annuellement \u00e0 l\u2019\u00e9tudiant pr\u00e9sentant le meilleur dossier scolaire et les meilleures qualit\u00e9s personnelles durant l\u2019obtention de son dipl\u00f4me en agriculture. R\u00e9compense cr\u00e9\u00e9e en 1922. Universit\u00e9 de Winnipeg Une m\u00e9daille d\u2019or. D\u00e9cern\u00e9e annuellement \u00e0 l\u2019\u00e9tudiant admissible au baccalaur\u00e9at \u00e8s arts (g\u00e9n\u00e9ral) ayant obtenu le meilleur r\u00e9sultat, d\u2019apr\u00e8s ses notes finales dans les 15\u00a0meilleurs cours termin\u00e9s donnant droit \u00e0 des cr\u00e9dits.<\/p>\n","protected":false},"author":2,"featured_media":0,"parent":0,"menu_order":0,"comment_status":"closed","ping_status":"closed","template":"","meta":{"_acf_changed":false,"footnotes":""},"class_list":["post-13317","page","type-page","status-publish","hentry"],"acf":[],"_links":{"self":[{"href":"https:\/\/manitobalg.ca\/fr-ca\/wp-json\/wp\/v2\/pages\/13317","targetHints":{"allow":["GET"]}}],"collection":[{"href":"https:\/\/manitobalg.ca\/fr-ca\/wp-json\/wp\/v2\/pages"}],"about":[{"href":"https:\/\/manitobalg.ca\/fr-ca\/wp-json\/wp\/v2\/types\/page"}],"author":[{"embeddable":true,"href":"https:\/\/manitobalg.ca\/fr-ca\/wp-json\/wp\/v2\/users\/2"}],"replies":[{"embeddable":true,"href":"https:\/\/manitobalg.ca\/fr-ca\/wp-json\/wp\/v2\/comments?post=13317"}],"version-history":[{"count":6,"href":"https:\/\/manitobalg.ca\/fr-ca\/wp-json\/wp\/v2\/pages\/13317\/revisions"}],"predecessor-version":[{"id":13686,"href":"https:\/\/manitobalg.ca\/fr-ca\/wp-json\/wp\/v2\/pages\/13317\/revisions\/13686"}],"wp:attachment":[{"href":"https:\/\/manitobalg.ca\/fr-ca\/wp-json\/wp\/v2\/media?parent=13317"}],"curies":[{"name":"wp","href":"https:\/\/api.w.org\/{rel}","templated":true}]}}