{"id":13319,"date":"2023-03-28T15:10:10","date_gmt":"2023-03-28T20:10:10","guid":{"rendered":"https:\/\/manitobalg.ca\/?page_id=13319"},"modified":"2023-04-11T15:24:53","modified_gmt":"2023-04-11T20:24:53","slug":"programme-pour-les-jeunes","status":"publish","type":"page","link":"https:\/\/manitobalg.ca\/fr-ca\/prix\/programme-pour-les-jeunes\/","title":{"rendered":"Programme pour les jeunes"},"content":{"rendered":"<p><a href=\"http:\/\/www.dukeofed.org\/home.aspx\">Prix du Duc d\u2019\u00c9dimbourg<\/a>\u00a0\u2013 Ce prix est con\u00e7u comme un d\u00e9fi personnel et non une comp\u00e9tition entre participants. Votre programme est taill\u00e9 sur mesure pour illustrer vos aptitudes, int\u00e9r\u00eats et pr\u00e9f\u00e9rences personnelles.<\/p>\n","protected":false},"excerpt":{"rendered":"<p>Prix du Duc d\u2019\u00c9dimbourg\u00a0\u2013 Ce prix est con\u00e7u comme un d\u00e9fi personnel et non une comp\u00e9tition entre participants. Votre programme est taill\u00e9 sur mesure pour illustrer vos aptitudes, int\u00e9r\u00eats et pr\u00e9f\u00e9rences personnelles.<\/p>\n","protected":false},"author":2,"featured_media":0,"parent":13317,"menu_order":0,"comment_status":"closed","ping_status":"closed","template":"","meta":{"_acf_changed":false,"footnotes":""},"class_list":["post-13319","page","type-page","status-publish","hentry"],"acf":[],"_links":{"self":[{"href":"https:\/\/manitobalg.ca\/fr-ca\/wp-json\/wp\/v2\/pages\/13319","targetHints":{"allow":["GET"]}}],"collection":[{"href":"https:\/\/manitobalg.ca\/fr-ca\/wp-json\/wp\/v2\/pages"}],"about":[{"href":"https:\/\/manitobalg.ca\/fr-ca\/wp-json\/wp\/v2\/types\/page"}],"author":[{"embeddable":true,"href":"https:\/\/manitobalg.ca\/fr-ca\/wp-json\/wp\/v2\/users\/2"}],"replies":[{"embeddable":true,"href":"https:\/\/manitobalg.ca\/fr-ca\/wp-json\/wp\/v2\/comments?post=13319"}],"version-history":[{"count":1,"href":"https:\/\/manitobalg.ca\/fr-ca\/wp-json\/wp\/v2\/pages\/13319\/revisions"}],"predecessor-version":[{"id":13320,"href":"https:\/\/manitobalg.ca\/fr-ca\/wp-json\/wp\/v2\/pages\/13319\/revisions\/13320"}],"up":[{"embeddable":true,"href":"https:\/\/manitobalg.ca\/fr-ca\/wp-json\/wp\/v2\/pages\/13317"}],"wp:attachment":[{"href":"https:\/\/manitobalg.ca\/fr-ca\/wp-json\/wp\/v2\/media?parent=13319"}],"curies":[{"name":"wp","href":"https:\/\/api.w.org\/{rel}","templated":true}]}}