{"id":13323,"date":"2023-03-28T15:16:58","date_gmt":"2023-03-28T20:16:58","guid":{"rendered":"https:\/\/manitobalg.ca\/?page_id=13323"},"modified":"2024-08-14T15:14:30","modified_gmt":"2024-08-14T20:14:30","slug":"residence-du-lieutenant-gouverneur","status":"publish","type":"page","link":"https:\/\/manitobalg.ca\/fr-ca\/histoire\/residence-du-lieutenant-gouverneur\/","title":{"rendered":"R\u00e9sidence du Lieutenant-Gouverneur"},"content":{"rendered":"<h2>Bref historique<\/h2>\n<div class=\"alignright click-img\"><a href=\"https:\/\/manitobalg.ca\/wp-content\/uploads\/2024\/08\/2024-French.pdf\" target=\"_blank\" rel=\"noopener\"><img fetchpriority=\"high\" decoding=\"async\" class=\"alignnone wp-image-16036 \" src=\"https:\/\/manitobalg.ca\/wp-content\/uploads\/2024\/08\/2024-French-1.png\" alt=\"\" width=\"307\" height=\"682\" \/><\/a><br \/>\n<span class=\"for-click-img\">Cliquez ici pour en savoir plus<\/span><\/div>\n<p>Construite en 1883 par le gouvernement f\u00e9d\u00e9ral pour un peu moins de 24 000 $, la r\u00e9sidence comporte 23 pi\u00e8ces et 11 salles de bains. Selon les architectes, elle est \u00ab de style victorien, au toit mansard\u00e9 \u00e0 la fran\u00e7aise \u00bb.<\/p>\n<p>Au moment de la construction, le lieutenant-gouverneur \u00e9tait James Cox Aikins (dont le fils, Sir James Aikins, a lui aussi occup\u00e9 le poste \u00e0 compter de 1916).<\/p>\n<p>\u00c0 la gauche de l\u2019entr\u00e9e de la r\u00e9sidence se trouve\u00a0<strong>la salle Manitoba<\/strong>\u00a0qui, \u00e0 l\u2019origine, \u00e9tait \u00e9galement connue sous le nom de salle de l\u2019aide de camp et servait de bureau au lieutenant-gouverneur.<\/p>\n<p>\u00c0 la droite de l\u2019entr\u00e9e se trouvent trois\u00a0<strong>salons<\/strong>\u00a0qui \u00e9taient \u00e0 l\u2019origine s\u00e9par\u00e9s par des portes en accord\u00e9on et dont la salle centrale donnait sur le hall d\u2019entr\u00e9e.<\/p>\n<p>Une\u00a0<strong>salle de bal<\/strong>\u00a0a \u00e9t\u00e9 ajout\u00e9e en 1901 \u00e0 l\u2019occasion de la visite du duc et de la duchesse d\u2019York (qui sont devenus plus tard le roi George V et la reine Mary). La salle a \u00e9t\u00e9 d\u00e9mantel\u00e9e et remplac\u00e9e en 1960 par la salle de bal actuelle (ou salle de r\u00e9union).<\/p>\n<p>La\u00a0<strong>grande salle \u00e0 manger<\/strong>, connue sous le nom de \u00ab Palm Room \u00bb, a \u00e9t\u00e9 ajout\u00e9e en 1908 (noter les plinthes en marbre).<\/p>\n<p><strong>L\u2019office et la cuisine<\/strong>\u00a0actuels ont \u00e9t\u00e9 construits en 1946 pour remplacer la premi\u00e8re cuisine au sous-sol ainsi que le monte-plats.<\/p>\n<p>Les\u00a0<strong>\u00e9tables<\/strong>\u00a0ont \u00e9t\u00e9 d\u00e9molies et un\u00a0<strong>garage<\/strong>\u00a0a \u00e9t\u00e9 construit en 1926 qui a \u00e9t\u00e9 remplac\u00e9 dans les ann\u00e9es 1960 par l\u2019actuel garage \u00e0 trois places.<\/p>\n<p>Le\u00a0<strong>solarium<\/strong>\u00a0a \u00e9t\u00e9 ajout\u00e9 en 1963.<\/p>\n<p>Au d\u00e9but, la r\u00e9sidence \u00e9tait chauff\u00e9e strictement au moyen de chemin\u00e9es et de po\u00eales plac\u00e9s devant certaines d\u2019entre-elles. Le syst\u00e8me de chauffage \u00e0 la vapeur a \u00e9t\u00e9 install\u00e9 quelques ann\u00e9es plus tard, mais bien avant 1900, et il a \u00e9t\u00e9 am\u00e9lior\u00e9. L\u2019\u00e9clairage \u00e9tait fourni gr\u00e2ce \u00e0 la toute derni\u00e8re nouveaut\u00e9 : le gaz. La r\u00e9sidence \u00e9tait m\u00eame \u00e9quip\u00e9e du t\u00e9l\u00e9phone en 1883, au taux annuel de 26,70 $.<\/p>\n<p>Il ne reste aujourd\u2019hui que deux des six rosettes de pl\u00e2tre pos\u00e9es au plafond : la premi\u00e8re dans le hall d\u2019entr\u00e9e et l\u2019autre dans la salle Manitoba; il faut \u00e9galement noter les moulures des arcades. L\u2019escalier principal et l\u2019escalier de service ont \u00e9t\u00e9 construits dans le sens contraire de ce qui est indiqu\u00e9 dans le plan original.<\/p>\n<p>Les meubles (pour la plupart de style victorien) datent du d\u00e9but du r\u00e8gne de la reine Victoria (de 1840 \u00e0 1860 environ) et de la fin de son r\u00e8gne (de 1880 au tournant du si\u00e8cle). La plupart des accessoires sont d\u2019un style plus contemporain, mais se marient pourtant bien avec le reste.<\/p>\n<p>En 1885, le titre du b\u00e2timent a \u00e9t\u00e9 transf\u00e9r\u00e9 du gouvernement f\u00e9d\u00e9ral au gouvernement provincial pour devenir la \u00ab r\u00e9sidence du lieutenant-gouverneur \u00bb. Les mots \u00ab and for no other purpose\u00a0\u00bb qui figurent sur le d\u00e9cret (entrepos\u00e9 aux Archives provinciales) sont de la main de Sir John A. MacDonald lui-m\u00eame.<\/p>\n","protected":false},"excerpt":{"rendered":"<p>Bref historique Cliquez ici pour en savoir plus Construite en 1883 par le gouvernement f\u00e9d\u00e9ral pour un peu moins de 24 000 $, la r\u00e9sidence comporte 23 pi\u00e8ces et 11 salles de bains. Selon les architectes, elle est \u00ab de style victorien, au toit mansard\u00e9 \u00e0 la fran\u00e7aise \u00bb. Au moment de la construction, le lieutenant-gouverneur \u00e9tait James Cox Aikins (dont le fils, Sir James Aikins, a lui aussi occup\u00e9 le poste \u00e0 compter de 1916). \u00c0 la gauche de l\u2019entr\u00e9e de la r\u00e9sidence se trouve\u00a0la salle Manitoba\u00a0qui, \u00e0 l\u2019origine, \u00e9tait \u00e9galement connue sous le nom de salle de l\u2019aide de camp et servait de bureau au lieutenant-gouverneur. \u00c0 la droite de l\u2019entr\u00e9e se trouvent trois\u00a0salons\u00a0qui \u00e9taient \u00e0 l\u2019origine s\u00e9par\u00e9s par des portes en accord\u00e9on et dont la salle centrale donnait sur le hall d\u2019entr\u00e9e. Une\u00a0salle de bal\u00a0a \u00e9t\u00e9 ajout\u00e9e en 1901 \u00e0 l\u2019occasion de la visite du duc et de la duchesse d\u2019York (qui sont devenus plus tard le roi George V et la reine Mary). La salle a \u00e9t\u00e9 d\u00e9mantel\u00e9e et remplac\u00e9e en 1960 par la salle de bal actuelle (ou salle de r\u00e9union). La\u00a0grande salle \u00e0 manger, connue sous le nom de \u00ab Palm Room \u00bb, a \u00e9t\u00e9 ajout\u00e9e en 1908 (noter les plinthes en marbre). L\u2019office et la cuisine\u00a0actuels ont \u00e9t\u00e9 construits en 1946 pour remplacer la premi\u00e8re cuisine au sous-sol ainsi que le monte-plats. Les\u00a0\u00e9tables\u00a0ont \u00e9t\u00e9 d\u00e9molies et un\u00a0garage\u00a0a \u00e9t\u00e9 construit en 1926 qui a \u00e9t\u00e9 remplac\u00e9 dans les ann\u00e9es 1960 par l\u2019actuel garage \u00e0 trois places. Le\u00a0solarium\u00a0a \u00e9t\u00e9 ajout\u00e9 en 1963. Au d\u00e9but, la r\u00e9sidence \u00e9tait chauff\u00e9e strictement au moyen de chemin\u00e9es et de po\u00eales plac\u00e9s devant certaines d\u2019entre-elles. Le syst\u00e8me de chauffage \u00e0 la vapeur a \u00e9t\u00e9 install\u00e9 quelques ann\u00e9es plus tard, mais bien avant 1900, et il a \u00e9t\u00e9 am\u00e9lior\u00e9. L\u2019\u00e9clairage \u00e9tait fourni gr\u00e2ce \u00e0 la toute derni\u00e8re nouveaut\u00e9 : le gaz. La r\u00e9sidence \u00e9tait m\u00eame \u00e9quip\u00e9e du t\u00e9l\u00e9phone en 1883, au taux annuel de 26,70 $. Il ne reste aujourd\u2019hui que deux des six rosettes de pl\u00e2tre pos\u00e9es au plafond : la premi\u00e8re dans le hall d\u2019entr\u00e9e et l\u2019autre dans la salle Manitoba; il faut \u00e9galement noter les moulures des arcades. L\u2019escalier principal et l\u2019escalier de service ont \u00e9t\u00e9 construits dans le sens contraire de ce qui est indiqu\u00e9 dans le plan original. Les meubles (pour la plupart de style victorien) datent du d\u00e9but du r\u00e8gne de la reine Victoria (de 1840 \u00e0 1860 environ) et de la fin de son r\u00e8gne (de 1880 au tournant du si\u00e8cle). La plupart des accessoires sont d\u2019un style plus contemporain, mais se marient pourtant bien avec le reste. En 1885, le titre du b\u00e2timent a \u00e9t\u00e9 transf\u00e9r\u00e9 du gouvernement f\u00e9d\u00e9ral au gouvernement provincial pour devenir la \u00ab r\u00e9sidence du lieutenant-gouverneur \u00bb. Les mots \u00ab and for no other purpose\u00a0\u00bb qui figurent sur le d\u00e9cret (entrepos\u00e9 aux Archives provinciales) sont de la main de Sir John A. MacDonald lui-m\u00eame.<\/p>\n","protected":false},"author":2,"featured_media":0,"parent":13325,"menu_order":0,"comment_status":"closed","ping_status":"closed","template":"","meta":{"_acf_changed":false,"footnotes":""},"class_list":["post-13323","page","type-page","status-publish","hentry"],"acf":[],"_links":{"self":[{"href":"https:\/\/manitobalg.ca\/fr-ca\/wp-json\/wp\/v2\/pages\/13323","targetHints":{"allow":["GET"]}}],"collection":[{"href":"https:\/\/manitobalg.ca\/fr-ca\/wp-json\/wp\/v2\/pages"}],"about":[{"href":"https:\/\/manitobalg.ca\/fr-ca\/wp-json\/wp\/v2\/types\/page"}],"author":[{"embeddable":true,"href":"https:\/\/manitobalg.ca\/fr-ca\/wp-json\/wp\/v2\/users\/2"}],"replies":[{"embeddable":true,"href":"https:\/\/manitobalg.ca\/fr-ca\/wp-json\/wp\/v2\/comments?post=13323"}],"version-history":[{"count":4,"href":"https:\/\/manitobalg.ca\/fr-ca\/wp-json\/wp\/v2\/pages\/13323\/revisions"}],"predecessor-version":[{"id":16073,"href":"https:\/\/manitobalg.ca\/fr-ca\/wp-json\/wp\/v2\/pages\/13323\/revisions\/16073"}],"up":[{"embeddable":true,"href":"https:\/\/manitobalg.ca\/fr-ca\/wp-json\/wp\/v2\/pages\/13325"}],"wp:attachment":[{"href":"https:\/\/manitobalg.ca\/fr-ca\/wp-json\/wp\/v2\/media?parent=13323"}],"curies":[{"name":"wp","href":"https:\/\/api.w.org\/{rel}","templated":true}]}}