{"id":13329,"date":"2023-03-23T15:46:17","date_gmt":"2023-03-23T20:46:17","guid":{"rendered":"https:\/\/manitobalg.ca\/?page_id=13329"},"modified":"2023-04-11T15:37:33","modified_gmt":"2023-04-11T20:37:33","slug":"faq-relatives-aux-evenements","status":"publish","type":"page","link":"https:\/\/manitobalg.ca\/fr-ca\/demandes\/faq-relatives-aux-evenements\/","title":{"rendered":"FAQ Relatives aux \u00c9v\u00e9nements"},"content":{"rendered":"<p>Les questions et r\u00e9ponses suivantes ont pour but d\u2019aider les personnes qui organisent des \u00e9v\u00e9nements \u00e0 la r\u00e9sidence de la lieutenante-gouverneure ainsi que les personnes qui participent \u00e0 ces \u00e9v\u00e9nements. Si vous avez des questions ou des pr\u00e9occupations, veuillez communiquer avec le bureau au <a href=\"tel:2049452753\">204 945-2753<\/a>.<\/p>\n<section id='' \n                class='helpie-faq accordions faq-toggle' \n                data-collection='' \n                data-pagination='0' \n                data-search='0' \n                data-pagination-enabled='0'\n                role='region'\n                aria-label='FAQ Section'\n                aria-live='polite'><h3 class=\"collection-title\">FAQ Relatives aux \u00c9v\u00e9nements<\/h3><article class=\"accordion \"><div class='helpie-faq-row'><div class='helpie-faq-col helpie-faq-col-12' ><ul><li class=\"accordion__item \"><div class=\"accordion__header \" \r\n                id=\"accordion-header-post-13331\"\r\n                role=\"button\"\r\n                aria-expanded=\"false\"\r\n                aria-controls=\"accordion-content-post-13331\"\r\n                data-id=\"post-13331\" \r\n                data-item=\"hfaq-post-13331\" \r\n                style=\"background:transparent;\" \r\n                data-tags=\"\"\r\n                tabindex=\"0\"><div class=\"accordion__title\">On m\u2019a demand\u00e9 de soumettre la liste d\u2019invit\u00e9s de notre organisme un mois avant la r\u00e9ception. Quel doit \u00eatre le format de la liste d\u2019invit\u00e9s?<\/div><\/div><div id=\"accordion-content-post-13331\" \r\n                class=\"accordion__body\" \r\n                role=\"region\"\r\n                aria-labelledby=\"accordion-header-post-13331\"\r\n                style=\"background:transparent;\">Veuillez communiquer avec le bureau au <a href=\"tel:2049452753\">204 945-2753<\/a> afin de conna\u00eetre le format Excel qui convient pour soumettre une liste d\u2019invit\u00e9s au Bureau de la lieutenante-gouverneure.<\/div><\/li><li class=\"accordion__item \"><div class=\"accordion__header \" \r\n                id=\"accordion-header-post-13332\"\r\n                role=\"button\"\r\n                aria-expanded=\"false\"\r\n                aria-controls=\"accordion-content-post-13332\"\r\n                data-id=\"post-13332\" \r\n                data-item=\"hfaq-post-13332\" \r\n                style=\"background:transparent;\" \r\n                data-tags=\"\"\r\n                tabindex=\"0\"><div class=\"accordion__title\">Comment les invit\u00e9s s\u2019adressent-ils \u00e0 la lieutenante-gouverneure et \u00e0 son \u00e9poux?<\/div><\/div><div id=\"accordion-content-post-13332\" \r\n                class=\"accordion__body\" \r\n                role=\"region\"\r\n                aria-labelledby=\"accordion-header-post-13332\"\r\n                style=\"background:transparent;\">Pour s\u2019adresser \u00e0 la lieutenante-gouverneure, l\u2019Honorable Anita R. Neville, on dira \u00ab\u00a0Votre Honneur \u00bb ou \u00ab Vos Honneurs \u00bb.<\/div><\/li><li class=\"accordion__item \"><div class=\"accordion__header \" \r\n                id=\"accordion-header-post-13333\"\r\n                role=\"button\"\r\n                aria-expanded=\"false\"\r\n                aria-controls=\"accordion-content-post-13333\"\r\n                data-id=\"post-13333\" \r\n                data-item=\"hfaq-post-13333\" \r\n                style=\"background:transparent;\" \r\n                data-tags=\"\"\r\n                tabindex=\"0\"><div class=\"accordion__title\">Les invit\u00e9s peuvent-ils stationner leur voiture dans l\u2019entr\u00e9e de la r\u00e9sidence de la lieutenante-gouverneure?<\/div><\/div><div id=\"accordion-content-post-13333\" \r\n                class=\"accordion__body\" \r\n                role=\"region\"\r\n                aria-labelledby=\"accordion-header-post-13333\"\r\n                style=\"background:transparent;\">Les invit\u00e9s peuvent stationner leur v\u00e9hicule de chaque c\u00f4t\u00e9 de l\u2019entr\u00e9e, en veillant \u00e0 laisser assez de place pour permettre aux v\u00e9hicules de man\u0153uvrer.<\/div><\/li><li class=\"accordion__item \"><div class=\"accordion__header \" \r\n                id=\"accordion-header-post-13334\"\r\n                role=\"button\"\r\n                aria-expanded=\"false\"\r\n                aria-controls=\"accordion-content-post-13334\"\r\n                data-id=\"post-13334\" \r\n                data-item=\"hfaq-post-13334\" \r\n                style=\"background:transparent;\" \r\n                data-tags=\"\"\r\n                tabindex=\"0\"><div class=\"accordion__title\">Quand les principaux organisateurs doivent-ils arriver \u00e0 la r\u00e9sidence de la lieutenante-gouverneure pour un \u00e9v\u00e9nement?<\/div><\/div><div id=\"accordion-content-post-13334\" \r\n                class=\"accordion__body\" \r\n                role=\"region\"\r\n                aria-labelledby=\"accordion-header-post-13334\"\r\n                style=\"background:transparent;\">Les organisateurs doivent arriver \u00e0 la r\u00e9sidence de la lieutenante-gouverneure environ 20 minutes avant le d\u00e9but de l\u2019\u00e9v\u00e9nement. Ils pourront ainsi rencontrer l\u2019aide principal et les autres organisateurs pour mettre la touche finale aux pr\u00e9paratifs et disposer correctement tout prix, certificat ou m\u00e9daille dans la salle de bal.<\/div><\/li><li class=\"accordion__item \"><div class=\"accordion__header \" \r\n                id=\"accordion-header-post-13335\"\r\n                role=\"button\"\r\n                aria-expanded=\"false\"\r\n                aria-controls=\"accordion-content-post-13335\"\r\n                data-id=\"post-13335\" \r\n                data-item=\"hfaq-post-13335\" \r\n                style=\"background:transparent;\" \r\n                data-tags=\"\"\r\n                tabindex=\"0\"><div class=\"accordion__title\">Quand les invit\u00e9s doivent-ils arriver \u00e0 la r\u00e9sidence de la lieutenante-gouverneure pour un \u00e9v\u00e9nement?<\/div><\/div><div id=\"accordion-content-post-13335\" \r\n                class=\"accordion__body\" \r\n                role=\"region\"\r\n                aria-labelledby=\"accordion-header-post-13335\"\r\n                style=\"background:transparent;\">Les invit\u00e9s ne doivent pas arriver \u00e0 l\u2019\u00e9v\u00e9nement plus de 15 minutes avant le d\u00e9but. Les invit\u00e9s seront pri\u00e9s de passer au Salon Manitoba pour signer le livre des visiteurs avant la c\u00e9r\u00e9monie. Ils attendront au salon avant d\u2019\u00eatre pr\u00e9sent\u00e9s \u00e0 Ses Honneurs.<\/div><\/li><li class=\"accordion__item \"><div class=\"accordion__header \" \r\n                id=\"accordion-header-post-13336\"\r\n                role=\"button\"\r\n                aria-expanded=\"false\"\r\n                aria-controls=\"accordion-content-post-13336\"\r\n                data-id=\"post-13336\" \r\n                data-item=\"hfaq-post-13336\" \r\n                style=\"background:transparent;\" \r\n                data-tags=\"\"\r\n                tabindex=\"0\"><div class=\"accordion__title\">Mon invitation pr\u00e9cise \u00ab Veuillez pr\u00e9senter cette invitation \u00bb?<\/div><\/div><div id=\"accordion-content-post-13336\" \r\n                class=\"accordion__body\" \r\n                role=\"region\"\r\n                aria-labelledby=\"accordion-header-post-13336\"\r\n                style=\"background:transparent;\">Les invit\u00e9s doivent effectivement pr\u00e9senter leur invitation \u00e0 la porte.<\/div><\/li><li class=\"accordion__item \"><div class=\"accordion__header \" \r\n                id=\"accordion-header-post-13337\"\r\n                role=\"button\"\r\n                aria-expanded=\"false\"\r\n                aria-controls=\"accordion-content-post-13337\"\r\n                data-id=\"post-13337\" \r\n                data-item=\"hfaq-post-13337\" \r\n                style=\"background:transparent;\" \r\n                data-tags=\"\"\r\n                tabindex=\"0\"><div class=\"accordion__title\">Les m\u00e9dias peuvent-ils assister \u00e0 ces \u00e9v\u00e9nements?<\/div><\/div><div id=\"accordion-content-post-13337\" \r\n                class=\"accordion__body\" \r\n                role=\"region\"\r\n                aria-labelledby=\"accordion-header-post-13337\"\r\n                style=\"background:transparent;\">Les organisateurs de l\u2019\u00e9v\u00e9nement peuvent pr\u00e9voir la pr\u00e9sence des m\u00e9dias. L\u2019organisateur principal doit en avertir le Bureau de la lieutenante-gouverneure et l\u2019aide principal \u00e0 l\u2019avance. Tout communiqu\u00e9 de presse doit \u00eatre approuv\u00e9 par le Bureau de la lieutenante-gouverneure avant sa diffusion.<\/div><\/li><li class=\"accordion__item \"><div class=\"accordion__header \" \r\n                id=\"accordion-header-post-13338\"\r\n                role=\"button\"\r\n                aria-expanded=\"false\"\r\n                aria-controls=\"accordion-content-post-13338\"\r\n                data-id=\"post-13338\" \r\n                data-item=\"hfaq-post-13338\" \r\n                style=\"background:transparent;\" \r\n                data-tags=\"\"\r\n                tabindex=\"0\"><div class=\"accordion__title\">Les invit\u00e9s sont-ils autoris\u00e9s \u00e0 prendre des photos \u00e0 la r\u00e9sidence de la lieutenante-gouverneure?<\/div><\/div><div id=\"accordion-content-post-13338\" \r\n                class=\"accordion__body\" \r\n                role=\"region\"\r\n                aria-labelledby=\"accordion-header-post-13338\"\r\n                style=\"background:transparent;\">Les invit\u00e9s peuvent prendre des photos \u00e0 la r\u00e9sidence de la lieutenante-gouverneure et s\u2019ils en font la demande, Leurs Honneurs accepteront de se faire photographier avec eux. La dignit\u00e9 du poste doit \u00eatre respect\u00e9e pour toutes les photographies. Pour les photos de groupe, la lieutenante-gouverneure doit prendre place au milieu, \u00e0 la premi\u00e8re rang\u00e9e.<\/div><\/li><li class=\"accordion__item \"><div class=\"accordion__header \" \r\n                id=\"accordion-header-post-13339\"\r\n                role=\"button\"\r\n                aria-expanded=\"false\"\r\n                aria-controls=\"accordion-content-post-13339\"\r\n                data-id=\"post-13339\" \r\n                data-item=\"hfaq-post-13339\" \r\n                style=\"background:transparent;\" \r\n                data-tags=\"\"\r\n                tabindex=\"0\"><div class=\"accordion__title\">Y a-t-il une entr\u00e9e facilement accessible?<\/div><\/div><div id=\"accordion-content-post-13339\" \r\n                class=\"accordion__body\" \r\n                role=\"region\"\r\n                aria-labelledby=\"accordion-header-post-13339\"\r\n                style=\"background:transparent;\">Oui. L\u2019entr\u00e9e ouest de la r\u00e9sidence dde la lieutenante-gouverneure est \u00e9quip\u00e9e d\u2019une rampe d\u2019acc\u00e8s.\u00a0<em>Remarque : l\u2019acc\u00e8s \u00e0 la rampe est situ\u00e9 du c\u00f4t\u00e9 sud-est des terrains du palais l\u00e9gislatif.<\/em>\u00a0Si votre invit\u00e9 a besoin d\u2019aide, veuillez en informer \u00e0 l\u2019avance le Bureau du lieutenant-gouverneur afin qu\u2019on accueille cette personne \u00e0 la porte.<\/div><\/li><\/ul><\/div><\/div><\/article><\/section>\n","protected":false},"excerpt":{"rendered":"<p>Les questions et r\u00e9ponses suivantes ont pour but d\u2019aider les personnes qui organisent des \u00e9v\u00e9nements \u00e0 la r\u00e9sidence de la lieutenante-gouverneure ainsi que les personnes qui participent \u00e0 ces \u00e9v\u00e9nements. Si vous avez des questions ou des pr\u00e9occupations, veuillez communiquer avec le bureau au 204 945-2753.<\/p>\n","protected":false},"author":2,"featured_media":0,"parent":13327,"menu_order":0,"comment_status":"closed","ping_status":"closed","template":"","meta":{"_acf_changed":false,"footnotes":""},"class_list":["post-13329","page","type-page","status-publish","hentry"],"acf":[],"_links":{"self":[{"href":"https:\/\/manitobalg.ca\/fr-ca\/wp-json\/wp\/v2\/pages\/13329","targetHints":{"allow":["GET"]}}],"collection":[{"href":"https:\/\/manitobalg.ca\/fr-ca\/wp-json\/wp\/v2\/pages"}],"about":[{"href":"https:\/\/manitobalg.ca\/fr-ca\/wp-json\/wp\/v2\/types\/page"}],"author":[{"embeddable":true,"href":"https:\/\/manitobalg.ca\/fr-ca\/wp-json\/wp\/v2\/users\/2"}],"replies":[{"embeddable":true,"href":"https:\/\/manitobalg.ca\/fr-ca\/wp-json\/wp\/v2\/comments?post=13329"}],"version-history":[{"count":2,"href":"https:\/\/manitobalg.ca\/fr-ca\/wp-json\/wp\/v2\/pages\/13329\/revisions"}],"predecessor-version":[{"id":13340,"href":"https:\/\/manitobalg.ca\/fr-ca\/wp-json\/wp\/v2\/pages\/13329\/revisions\/13340"}],"up":[{"embeddable":true,"href":"https:\/\/manitobalg.ca\/fr-ca\/wp-json\/wp\/v2\/pages\/13327"}],"wp:attachment":[{"href":"https:\/\/manitobalg.ca\/fr-ca\/wp-json\/wp\/v2\/media?parent=13329"}],"curies":[{"name":"wp","href":"https:\/\/api.w.org\/{rel}","templated":true}]}}