{"id":13345,"date":"2023-03-20T14:06:36","date_gmt":"2023-03-20T19:06:36","guid":{"rendered":"https:\/\/manitobalg.ca\/?page_id=13345"},"modified":"2023-04-11T15:43:49","modified_gmt":"2023-04-11T20:43:49","slug":"biographie-de-la-lieutenante-gouverneure","status":"publish","type":"page","link":"https:\/\/manitobalg.ca\/fr-ca\/role-et-responsabilites\/biographie-de-la-lieutenante-gouverneure\/","title":{"rendered":"Biographie de la lieutenante-gouverneure"},"content":{"rendered":"<h2>Anita R. Neville, P.C., O.M.<\/h2>\n<p>Le leadership d\u2019Anita Neville dans la communaut\u00e9, tant \u00e0 l\u2019\u00e9chelle locale que nationale, a touch\u00e9 la vie d\u2019innombrables Canadiens. Anita Neville est une fi\u00e8re Manitobaine, une leader communautaire d\u00e9vou\u00e9e et une fonctionnaire respect\u00e9e.<\/p>\n<p>Elle est n\u00e9e et a grandi \u00e0 Winnipeg, o\u00f9 elle s\u2019est profond\u00e9ment engag\u00e9e toute sa vie dans sa communaut\u00e9, se consacrant \u00e0 am\u00e9liorer la vie des autres.<\/p>\n<p>Son engagement durable envers l\u2019\u00e9ducation a commenc\u00e9 par son long service en tant que membre et pr\u00e9sidente du conseil d\u2019administration de la Division scolaire de Winnipeg. Elle a si\u00e9g\u00e9 \u00e0 de nombreux conseils d\u2019administration et pris part \u00e0 de nombreuses activit\u00e9s b\u00e9n\u00e9voles, notamment aupr\u00e8s de la Soci\u00e9t\u00e9 du Barreau du Manitoba, du Jewish Child and Family Service, de la Rossbrook House, du comit\u00e9 des relations intercommunautaires et interraciales de la Ville de Winnipeg, de la R\u00e9gie des services publics du Manitoba, de l\u2019organisme Equal Voice (\u00c0 voix \u00e9gales), de l\u2019Institute for International Women\u2019s Rights \u2013 Manitoba et de l\u2019organisme Arab Jewish Dialogue, pour n\u2019en nommer que quelques-uns. Elle si\u00e8ge actuellement au comit\u00e9 directeur d\u2019Operation Ezra et aux conseils d\u2019administration du Jewish Heritage Centre of Western Canada.<\/p>\n<p>De 2000 \u00e0 2011, M me \u00a0Neville a repr\u00e9sent\u00e9 sa communaut\u00e9 \u00e0 titre de d\u00e9put\u00e9e de Winnipeg-Centre-Sud. Au cours de son passage \u00e0 la Chambre des communes, elle a d\u00e9fendu des enjeux importants pour les Manitobains, a appuy\u00e9 la l\u00e9galisation du mariage entre personnes de m\u00eame sexe et a fait progresser des initiatives en faveur des peuples autochtones, plus particuli\u00e8rement au sujet de la question des femmes et des filles autochtones disparues ou assassin\u00e9es. En 2003, elle a jou\u00e9 un r\u00f4le important dans le cadre de l\u2019institution du Jour comm\u00e9moratif de l\u2019Holocauste par le Parlement. Ce qu\u2019elle a peut-\u00eatre le plus appr\u00e9ci\u00e9 dans ce travail, ce sont les nombreuses occasions qu\u2019il lui a donn\u00e9es de parler \u00e0 ses \u00e9lecteurs, d\u2019apprendre \u00e0 conna\u00eetre leur vie, leur famille, leurs difficult\u00e9s, et d\u2019avoir la possibilit\u00e9 de les aider \u00e0 r\u00e9soudre ces derni\u00e8res.<\/p>\n<p>M me \u00a0Neville a exerc\u00e9 les fonctions de secr\u00e9taire parlementaire de la ministre du Patrimoine canadien et ministre responsable de la Condition f\u00e9minine. Elle a \u00e9galement si\u00e9g\u00e9 \u00e0 de nombreux comit\u00e9s, associations et groupes parlementaires.<\/p>\n<p>M me \u00a0Neville est titulaire d\u2019un baccalaur\u00e9at en sciences politiques et en histoire (avec distinction) de l\u2019Universit\u00e9 du Manitoba. Elle est \u00e9galement m\u00e8re de trois enfants adultes et grand-m\u00e8re de six\u00a0petits-enfants.<\/p>\n","protected":false},"excerpt":{"rendered":"<p>Anita R. Neville, P.C., O.M. Le leadership d\u2019Anita Neville dans la communaut\u00e9, tant \u00e0 l\u2019\u00e9chelle locale que nationale, a touch\u00e9 la vie d\u2019innombrables Canadiens. Anita Neville est une fi\u00e8re Manitobaine, une leader communautaire d\u00e9vou\u00e9e et une fonctionnaire respect\u00e9e. Elle est n\u00e9e et a grandi \u00e0 Winnipeg, o\u00f9 elle s\u2019est profond\u00e9ment engag\u00e9e toute sa vie dans sa communaut\u00e9, se consacrant \u00e0 am\u00e9liorer la vie des autres. Son engagement durable envers l\u2019\u00e9ducation a commenc\u00e9 par son long service en tant que membre et pr\u00e9sidente du conseil d\u2019administration de la Division scolaire de Winnipeg. Elle a si\u00e9g\u00e9 \u00e0 de nombreux conseils d\u2019administration et pris part \u00e0 de nombreuses activit\u00e9s b\u00e9n\u00e9voles, notamment aupr\u00e8s de la Soci\u00e9t\u00e9 du Barreau du Manitoba, du Jewish Child and Family Service, de la Rossbrook House, du comit\u00e9 des relations intercommunautaires et interraciales de la Ville de Winnipeg, de la R\u00e9gie des services publics du Manitoba, de l\u2019organisme Equal Voice (\u00c0 voix \u00e9gales), de l\u2019Institute for International Women\u2019s Rights \u2013 Manitoba et de l\u2019organisme Arab Jewish Dialogue, pour n\u2019en nommer que quelques-uns. Elle si\u00e8ge actuellement au comit\u00e9 directeur d\u2019Operation Ezra et aux conseils d\u2019administration du Jewish Heritage Centre of Western Canada. De 2000 \u00e0 2011, M me \u00a0Neville a repr\u00e9sent\u00e9 sa communaut\u00e9 \u00e0 titre de d\u00e9put\u00e9e de Winnipeg-Centre-Sud. Au cours de son passage \u00e0 la Chambre des communes, elle a d\u00e9fendu des enjeux importants pour les Manitobains, a appuy\u00e9 la l\u00e9galisation du mariage entre personnes de m\u00eame sexe et a fait progresser des initiatives en faveur des peuples autochtones, plus particuli\u00e8rement au sujet de la question des femmes et des filles autochtones disparues ou assassin\u00e9es. En 2003, elle a jou\u00e9 un r\u00f4le important dans le cadre de l\u2019institution du Jour comm\u00e9moratif de l\u2019Holocauste par le Parlement. Ce qu\u2019elle a peut-\u00eatre le plus appr\u00e9ci\u00e9 dans ce travail, ce sont les nombreuses occasions qu\u2019il lui a donn\u00e9es de parler \u00e0 ses \u00e9lecteurs, d\u2019apprendre \u00e0 conna\u00eetre leur vie, leur famille, leurs difficult\u00e9s, et d\u2019avoir la possibilit\u00e9 de les aider \u00e0 r\u00e9soudre ces derni\u00e8res. M me \u00a0Neville a exerc\u00e9 les fonctions de secr\u00e9taire parlementaire de la ministre du Patrimoine canadien et ministre responsable de la Condition f\u00e9minine. Elle a \u00e9galement si\u00e9g\u00e9 \u00e0 de nombreux comit\u00e9s, associations et groupes parlementaires. M me \u00a0Neville est titulaire d\u2019un baccalaur\u00e9at en sciences politiques et en histoire (avec distinction) de l\u2019Universit\u00e9 du Manitoba. Elle est \u00e9galement m\u00e8re de trois enfants adultes et grand-m\u00e8re de six\u00a0petits-enfants.<\/p>\n","protected":false},"author":2,"featured_media":0,"parent":13395,"menu_order":0,"comment_status":"closed","ping_status":"closed","template":"","meta":{"_acf_changed":false,"footnotes":""},"class_list":["post-13345","page","type-page","status-publish","hentry"],"acf":[],"_links":{"self":[{"href":"https:\/\/manitobalg.ca\/fr-ca\/wp-json\/wp\/v2\/pages\/13345","targetHints":{"allow":["GET"]}}],"collection":[{"href":"https:\/\/manitobalg.ca\/fr-ca\/wp-json\/wp\/v2\/pages"}],"about":[{"href":"https:\/\/manitobalg.ca\/fr-ca\/wp-json\/wp\/v2\/types\/page"}],"author":[{"embeddable":true,"href":"https:\/\/manitobalg.ca\/fr-ca\/wp-json\/wp\/v2\/users\/2"}],"replies":[{"embeddable":true,"href":"https:\/\/manitobalg.ca\/fr-ca\/wp-json\/wp\/v2\/comments?post=13345"}],"version-history":[{"count":1,"href":"https:\/\/manitobalg.ca\/fr-ca\/wp-json\/wp\/v2\/pages\/13345\/revisions"}],"predecessor-version":[{"id":13346,"href":"https:\/\/manitobalg.ca\/fr-ca\/wp-json\/wp\/v2\/pages\/13345\/revisions\/13346"}],"up":[{"embeddable":true,"href":"https:\/\/manitobalg.ca\/fr-ca\/wp-json\/wp\/v2\/pages\/13395"}],"wp:attachment":[{"href":"https:\/\/manitobalg.ca\/fr-ca\/wp-json\/wp\/v2\/media?parent=13345"}],"curies":[{"name":"wp","href":"https:\/\/api.w.org\/{rel}","templated":true}]}}