{"id":13348,"date":"2023-03-20T14:08:36","date_gmt":"2023-03-20T19:08:36","guid":{"rendered":"https:\/\/manitobalg.ca\/?page_id=13348"},"modified":"2023-10-11T10:10:39","modified_gmt":"2023-10-11T15:10:39","slug":"patronage-dhonneur","status":"publish","type":"page","link":"https:\/\/manitobalg.ca\/fr-ca\/role-et-responsabilites\/patronage-dhonneur\/","title":{"rendered":"Patronage d\u2019honneur"},"content":{"rendered":"<p>Le patronage, au sens d\u2019appui et d\u2019encouragement pour des efforts louables, est une fonction l\u00e9gitime du Bureau de la lieutenante-gouverneure. Il d\u00e9coule du principe selon lequel la Couronne est la source des plus grands honneurs et r\u00e9compenses accord\u00e9s dans notre soci\u00e9t\u00e9.<\/p>\n<p>La lieutenante-gouverneure du Manitoba est patronne d\u2019honneur ou membre honorifique d\u2019un grand nombre d\u2019organismes communautaires et \u00e0 but non lucratif, auxquels elle apporte un soutien crucial et la reconnaissance de leurs contributions exceptionnelles \u00e0 la soci\u00e9t\u00e9. La lieutenante-gouverneure peut aussi sur demande accorder son patronage \u00e0 un \u00e9v\u00e9nement ponctuel.<\/p>\n<p>Le choix des organismes auxquels un patronage est accord\u00e9 par la lieutenante-gouverneure se fait selon les crit\u00e8res suivants\u00a0:<\/p>\n<ol>\n<li>\n<p>L\u2019organisme doit avoir des buts et des objectifs qui correspondent aux th\u00e8mes institutionnels ou personnels de la lieutenante-gouverneure;<\/p>\n<\/li>\n<li>\n<p>L\u2019organisme doit exister depuis cinq ans (des exceptions peuvent \u00eatre faites);<\/p>\n<\/li>\n<li>\n<p>L\u2019organisme doit avoir une port\u00e9e provinciale ou r\u00e9gionale;<\/p>\n<\/li>\n<li>\n<p>Les programmes de l\u2019organisme doivent profiter directement \u00e0 la collectivit\u00e9;<\/p>\n<\/li>\n<li>\n<p>Il doit s\u2019agir d\u2019un organisme sans but lucratif;<\/p>\n<\/li>\n<li>\n<p>Il doit s\u2019agir d\u2019un organisme apolitique;<\/p>\n<\/li>\n<li>\n<p>L\u2019organisme doit \u00eatre solvable;<\/p>\n<\/li>\n<li>\n<p>L\u2019organisme doit accepter de ne pas utiliser le parrainage de la lieutenante-gouverneure en lien direct avec des campagnes ou des activit\u00e9s de financement.<\/p>\n<\/li>\n<\/ol>\n<p>Tous les organismes doivent pr\u00e9senter une nouvelle demande de patronage \u00e0 l\u2019amorce du nouveau mandat de la lieutenante-gouverneure ou du lieutenant-gouverneur, qui est d\u2019au moins cinq\u00a0ans. Le patronage ne garantit pas la participation ou la pr\u00e9sence de la lieutenante-gouverneure aux \u00e9v\u00e9nements tenus par les organismes.<\/p>\n<p>Si vous souhaitez demander un patronage pour votre organisme, veuillez remplir et pr\u00e9senter le formulaire ci-dessous. Si vous recherchez un patronage pour une initiative ou un \u00e9v\u00e9nement particulier, veuillez l\u2019indiquer et donner des d\u00e9tails \u00e0 la rubrique \u00ab?Renseignements suppl\u00e9mentaires?\u00bb.<\/p>\n<p>Si vous avez des questions, n\u2019h\u00e9sitez pas \u00e0 communiquer avec nous au <a href=\"tel:2049452753\">204\u00a0945-2753<\/a> ou \u00e0\u00a0<a href=\"mailto:ltgov@leg.gov.mb.ca\">ltgov@leg.gov.mb.ca<\/a>.<\/p>\n<p>Toutes les demandes sont \u00e9tudi\u00e9es par le Bureau de la lieutenante-gouverneure, qui vous demandera des renseignements suppl\u00e9mentaires au besoin.<\/p>\n<p><a href=\"https:\/\/manitobalg.ca\/fr-ca\/role-et-responsabilites\/patronage-dhonneur\/request-form\/\">Formule de demande de patronage<\/a><\/p>\n<p>&nbsp;<\/p>\n<h2>Honourary Patronage List<\/h2>\n<ul>\n<li>\n<p>A&amp;O Support Services for Older Adults<\/p>\n<\/li>\n<li>\n<p>Army Cadet League of Canada Manitoba Branch<\/p>\n<\/li>\n<li>\n<p>The Canadian Corps of Commissionaires<\/p>\n<\/li>\n<li>\n<p>Council of Women of Winnipeg Inc.<\/p>\n<\/li>\n<li>\n<p>Friends of Canadian Museum for Human Rights<\/p>\n<\/li>\n<li>\n<p>Girl Guides of Canada<\/p>\n<\/li>\n<li>\n<p>IODE Jon Sigurdsson Chapter<\/p>\n<\/li>\n<li>\n<p>Jubilee Fund<\/p>\n<\/li>\n<li>\n<p>Leadership Winnipeg (Wpg Chamber of Commerce)<\/p>\n<\/li>\n<li>\n<p>The Mahatma Gandhi Centre of Canada Inc.<\/p>\n<\/li>\n<li>\n<p>Manitoba Chamber Orchestra<\/p>\n<\/li>\n<li>\n<p>Manitoba Historical Society<\/p>\n<\/li>\n<li>\n<p>Manitoba Provincial Rifle Association Inc.<\/p>\n<\/li>\n<li>\n<p>The Monarchist League of Canada<\/p>\n<\/li>\n<li>\n<p>The Nellie McClung Foundation<\/p>\n<\/li>\n<li>\n<p>Prairieaction Foundation<\/p>\n<\/li>\n<li>\n<p>Provincial Exhibition of\u00a0 Manitoba<\/p>\n<\/li>\n<li>\n<p>The Queen\u2019s Own Cameron Highlanders of Canada<\/p>\n<\/li>\n<li>\n<p>Red River Regional Heritage Fair<\/p>\n<\/li>\n<li>\n<p>The St. Andrew\u2019s Society of Winnipeg<\/p>\n<\/li>\n<li>\n<p>Thrive Community Support Circle<\/p>\n<\/li>\n<li>\n<p>The United Empire Loyalist Association of Canada<\/p>\n<\/li>\n<li>\n<p>United for Literacy (formerly Frontier College)<\/p>\n<\/li>\n<li>\n<p>Virtuosi Concerts Inc.<\/p>\n<\/li>\n<li>\n<p>Volunteer Manitoba<\/p>\n<\/li>\n<li>\n<p>Winnipeg Chinese Cultural &amp; Community Centre<\/p>\n<\/li>\n<li>\n<p>Winnipeg Jazz Orchestra<\/p>\n<\/li>\n<li>\n<p>Winnipeg Music Festival<\/p>\n<\/li>\n<li>\n<p>Winnipeg Philatelic Society<\/p>\n<\/li>\n<li>\n<p>The Winnipeg Symphony Orchestra<\/p>\n<\/li>\n<li>\n<p>The Women\u2019s Musical Club of Winnipeg<\/p>\n<\/li>\n<\/ul>\n","protected":false},"excerpt":{"rendered":"<p>Le patronage, au sens d\u2019appui et d\u2019encouragement pour des efforts louables, est une fonction l\u00e9gitime du Bureau de la lieutenante-gouverneure. Il d\u00e9coule du principe selon lequel la Couronne est la source des plus grands honneurs et r\u00e9compenses accord\u00e9s dans notre soci\u00e9t\u00e9. La lieutenante-gouverneure du Manitoba est patronne d\u2019honneur ou membre honorifique d\u2019un grand nombre d\u2019organismes communautaires et \u00e0 but non lucratif, auxquels elle apporte un soutien crucial et la reconnaissance de leurs contributions exceptionnelles \u00e0 la soci\u00e9t\u00e9. La lieutenante-gouverneure peut aussi sur demande accorder son patronage \u00e0 un \u00e9v\u00e9nement ponctuel. Le choix des organismes auxquels un patronage est accord\u00e9 par la lieutenante-gouverneure se fait selon les crit\u00e8res suivants\u00a0: L\u2019organisme doit avoir des buts et des objectifs qui correspondent aux th\u00e8mes institutionnels ou personnels de la lieutenante-gouverneure; L\u2019organisme doit exister depuis cinq ans (des exceptions peuvent \u00eatre faites); L\u2019organisme doit avoir une port\u00e9e provinciale ou r\u00e9gionale; Les programmes de l\u2019organisme doivent profiter directement \u00e0 la collectivit\u00e9; Il doit s\u2019agir d\u2019un organisme sans but lucratif; Il doit s\u2019agir d\u2019un organisme apolitique; L\u2019organisme doit \u00eatre solvable; L\u2019organisme doit accepter de ne pas utiliser le parrainage de la lieutenante-gouverneure en lien direct avec des campagnes ou des activit\u00e9s de financement. Tous les organismes doivent pr\u00e9senter une nouvelle demande de patronage \u00e0 l\u2019amorce du nouveau mandat de la lieutenante-gouverneure ou du lieutenant-gouverneur, qui est d\u2019au moins cinq\u00a0ans. Le patronage ne garantit pas la participation ou la pr\u00e9sence de la lieutenante-gouverneure aux \u00e9v\u00e9nements tenus par les organismes. Si vous souhaitez demander un patronage pour votre organisme, veuillez remplir et pr\u00e9senter le formulaire ci-dessous. Si vous recherchez un patronage pour une initiative ou un \u00e9v\u00e9nement particulier, veuillez l\u2019indiquer et donner des d\u00e9tails \u00e0 la rubrique \u00ab?Renseignements suppl\u00e9mentaires?\u00bb. Si vous avez des questions, n\u2019h\u00e9sitez pas \u00e0 communiquer avec nous au 204\u00a0945-2753 ou \u00e0\u00a0ltgov@leg.gov.mb.ca. Toutes les demandes sont \u00e9tudi\u00e9es par le Bureau de la lieutenante-gouverneure, qui vous demandera des renseignements suppl\u00e9mentaires au besoin. Formule de demande de patronage &nbsp; Honourary Patronage List A&amp;O Support Services for Older Adults Army Cadet League of Canada Manitoba Branch The Canadian Corps of Commissionaires Council of Women of Winnipeg Inc. Friends of Canadian Museum for Human Rights Girl Guides of Canada IODE Jon Sigurdsson Chapter Jubilee Fund Leadership Winnipeg (Wpg Chamber of Commerce) The Mahatma Gandhi Centre of Canada Inc. Manitoba Chamber Orchestra Manitoba Historical Society Manitoba Provincial Rifle Association Inc. The Monarchist League of Canada The Nellie McClung Foundation Prairieaction Foundation Provincial Exhibition of\u00a0 Manitoba The Queen\u2019s Own Cameron Highlanders of Canada Red River Regional Heritage Fair The St. Andrew\u2019s Society of Winnipeg Thrive Community Support Circle The United Empire Loyalist Association of Canada United for Literacy (formerly Frontier College) Virtuosi Concerts Inc. Volunteer Manitoba Winnipeg Chinese Cultural &amp; Community Centre Winnipeg Jazz Orchestra Winnipeg Music Festival Winnipeg Philatelic Society The Winnipeg Symphony Orchestra The Women\u2019s Musical Club of Winnipeg<\/p>\n","protected":false},"author":2,"featured_media":0,"parent":13395,"menu_order":0,"comment_status":"closed","ping_status":"closed","template":"","meta":{"_acf_changed":false,"footnotes":""},"class_list":["post-13348","page","type-page","status-publish","hentry"],"acf":[],"_links":{"self":[{"href":"https:\/\/manitobalg.ca\/fr-ca\/wp-json\/wp\/v2\/pages\/13348","targetHints":{"allow":["GET"]}}],"collection":[{"href":"https:\/\/manitobalg.ca\/fr-ca\/wp-json\/wp\/v2\/pages"}],"about":[{"href":"https:\/\/manitobalg.ca\/fr-ca\/wp-json\/wp\/v2\/types\/page"}],"author":[{"embeddable":true,"href":"https:\/\/manitobalg.ca\/fr-ca\/wp-json\/wp\/v2\/users\/2"}],"replies":[{"embeddable":true,"href":"https:\/\/manitobalg.ca\/fr-ca\/wp-json\/wp\/v2\/comments?post=13348"}],"version-history":[{"count":4,"href":"https:\/\/manitobalg.ca\/fr-ca\/wp-json\/wp\/v2\/pages\/13348\/revisions"}],"predecessor-version":[{"id":14704,"href":"https:\/\/manitobalg.ca\/fr-ca\/wp-json\/wp\/v2\/pages\/13348\/revisions\/14704"}],"up":[{"embeddable":true,"href":"https:\/\/manitobalg.ca\/fr-ca\/wp-json\/wp\/v2\/pages\/13395"}],"wp:attachment":[{"href":"https:\/\/manitobalg.ca\/fr-ca\/wp-json\/wp\/v2\/media?parent=13348"}],"curies":[{"name":"wp","href":"https:\/\/api.w.org\/{rel}","templated":true}]}}