{"id":13504,"date":"2023-03-28T15:18:11","date_gmt":"2023-03-28T20:18:11","guid":{"rendered":"https:\/\/manitobalg.ca\/histoire\/new-years-day-levee-history\/"},"modified":"2023-03-28T15:18:11","modified_gmt":"2023-03-28T20:18:11","slug":"new-years-day-levee-history","status":"publish","type":"page","link":"https:\/\/manitobalg.ca\/fr-ca\/histoire\/new-years-day-levee-history\/","title":{"rendered":"New Year\u2019s Day Lev\u00e9e History"},"content":{"rendered":"<p>The annual New Year\u2019s Day Lev\u00e9e, hosted by the Governor General, the Lieutenant Governor, military establishments, municipalities and other institutions, has an unusual and interesting origin.<\/p>\n<p>The word Lev\u00e9e is derived from the French verb lever \u2013 to rise (specifically from one\u2019s bed) \u2013 and has its origins in the Lev\u00e9e du Soleil or Rising of the Sun instituted by King Louis XIV (1643 \u2013 1715) whose custom it was to receive his male subjects in the Royal bedchamber just after arising, a practice which subsequently spread throughout Europe.<\/p>\n<p>The Lev\u00e9e crossed the English Channel in the 18th Century, and in Great Britain and Ireland became a formal Court assembly (reception) given by the Sovereign or his\/her representative in the forenoon or early afternoon, at which only men were received.<\/p>\n<p>In the New World colonies, the Lev\u00e9e was held by the Governor acting on behalf of the Monarch. Because settlers were widely scattered, and separated from the seat of Government, the annual Lev\u00e9e was a very important event, and attendance by village leaders and public dignitaries was compulsory.<\/p>\n<p>It was in Canada that the Lev\u00e9e became associated with New Year\u2019s Day. The holding of a Lev\u00e9e by the Governor General and Lieutenant Governors on New Year\u2019s Day is not a continuation of the precedent set by the Sovereign they represent, but rather perpetuates an ancient custom of this country, dating from the days of the fur trade. The people of the trade traditionally paid their respects to their representative of government \u2013 the Master of the Fort \u2013 on New Year\u2019s Day.<\/p>\n<p>The first recorded Lev\u00e9e in Canada was held on January 1st, 1646 in the Ch\u00e2teau St. Louis by Charles Huault de Montmagny, Governor of New France (later Qu\u00e9bec) from 1636 to 1648. In addition to shaking hands and wishing a Happy New Year to citizens presenting themselves at the Ch\u00e2teau, the Governor informed guests of significant events in the Mother Country, as well as the state of affairs within the colony. (This tradition is carried on today within The Commonwealth in the form of The Kings\u2019s New Year\u2019s Message. The State-of-the-Union address by the President of the United States, although not delivered on New Year\u2019s Day, has similar origins.) In turn, the settlers were expected to pledge anew their allegiance to the Crown.<\/p>\n<p>The Lev\u00e9e tradition was continued by British Colonial Governors in Canada, and subsequently by Governors General and Lieutenant Governors, and continues to the present day.<\/p>\n<p>Although receptions hosted by the President of the United States of America are occasionally referred to as Lev\u00e9es, over the years, the Lev\u00e9e has become almost solely a Canadian observance.<\/p>\n<p>Today, the word Lev\u00e9e describes the receptions (usually \u2013 but not necessarily \u2013 on New Year\u2019s Day) held by the Governor General, the Lieutenant Governors of the Provinces, the Military, and others, to mark the advent of another year and to provide an opportunity for the public to pay their respects.<\/p>\n<p>The Lev\u00e9e has a long tradition in the Canadian Forces as one of the activities associated with New Year\u2019s Day. In years past, Military Commanders garrisoned throughout the vast expanse of Canada held local Lev\u00e9es since, as Commissioned Officers, they were expected to act on behalf of the Crown on such occasions.<\/p>\n<p>Today, as in bygone years, members of the various Canadian Forces units and Headquarters across Canada receive and greet visiting military and civilian guests in the convivial spirit of the first day of the New Year.<\/p>\n<p>Refreshments were clearly an important element in the New Year\u2019s festivities. A report of the New Year\u2019s Lev\u00e9e held in Brandon House in Manitoba in 1797 indicted that \u201c\u2026in the morning the Canadians (men of the North West Company) make the House and Yard ring with saluting (the firing of rifles). The House then filled with them when they all got a dram each\u201d. Simpson\u2019s Athabasca Journal reports that on January 1st, 1821, \u201cthe Festivities of the New Year commenced at four o\u2019clock this morning when the people honoured me with a salute of fire arms, and in half an hour afterwards the whole Inmates of our Garrison assembled in the hall dressed out in their best clothes, and were regaled in a suitable manner with a few flagons of rum and some cakes. A full allowance of Buffalo meat was served out to them and a pint of spirits for each man\u201d.<\/p>\n<p>In military messes, hospitality is dispensed in a variety of forms, from the Moose Milk (with rum often substituted for whisky), and the special flaming punch of the Royal Canadian Hussars of Montreal \u2013 a concoction bequeathed to the regiment by the old 1st Motor Machine Gun Brigade, and requiring a month to prepare \u2013 to the famed Athole Brose, the brew of oatmeal, honey and whisky of the Seaforth Highlanders of Canada, Vancouver.<\/p>\n<p>Historically, the Lev\u00e9e has been largely a male preserve having its origins, as previously mentioned, in the Royal bedchamber. This custom persisted, in part, because of societal practices of earlier days, and quite possibly the fact that it was an occasion enlivened by quantities of rum or other spirits, and thus was often a raucous celebration.<\/p>\n<p>During the Second World War, Lev\u00e9es were attended by female officers of the Armed Forces, and since then the \u201cmen only\u201d tradition has given way to Lev\u00e9es attended by both men and women.<\/p>\n<p>From the rather boisterous celebrations of early times to the somewhat more sedate, if informal, event of today, the Lev\u00e9e has evolved into an occasion to call upon representatives of the Sovereign, military, and municipal governments, to exchange New Year\u2019s greetings and best wishes for the coming year, and to renew old acquaintances and meet new friends in a convivial atmosphere. It is also an opportunity to reflect on the events of the past year and to welcome in the challenges and opportunities of the New Year.<\/p>\n<p>Manitoba\u2019s fist Lieutenant Governor, The Honourable Adams Archibald, held a reception at Upper Fort Garry on September 6, 1870, just days after arriving in the province, so he could meet the general populace. It marked the first of many social events presided over by Manitoba\u2019s Lieutenant Governors.<\/p>\n<p>Lieutenant Governor Archibald hosted his first New Year\u2019s Lev\u00e9e on January 2, 1871 at Upper Fort Garry, where he established residence. Construction of Government House at 10 Kennedy Street was completed in the fall of 1883 and the first New Year\u2019s Lev\u00e9e was held there in 1884, hosted by Manitoba\u2019s fourth Lieutenant Governor, The Honourable James Aikins.<\/p>\n<p>The 1884 Lev\u00e9e began at four o\u2019clock in the afternoon and lasted for more than two hours. Premier John Norquay and Cabinet Ministers C.P. Brown and A.A.C. LaRivi\u00e8re assisted the Lieutenant Governor and Mrs. Aikins. In addition to the general public, a number of distinguished guests attended. American Consul James Wickes Taylor and Archbishop Robert Machray were among those who presented their calling cards before joining the reception. The main table in the dining room was generously laid out with garnished platters of turkey, prairie chicken, partridge, duck, venison and other dishes for the enjoyment of the guests.<\/p>\n<p>Over the years, the Lieutenant Governor\u2019s New Year\u2019s Lev\u00e9e drew an ever-increasing number of citizens until eventually the crowd could no longer be accommodated in Government House. Starting in 1971, the public Lev\u00e9e on New Year\u2019s Day was switched from Government House to the more commodious corridors of the Legislative Building where Their Honours greet their guests.<\/p>\n<p>The main Lev\u00e9e continues to be held on January 1st in Winnipeg, the provincial capital, but the Lieutenant Governor also hosts Lev\u00e9es in rural communities throughout the year.<\/p>\n<p>In May of 2008, the Honourable John Harvard, Lieutenant Governor decided to move the public Lev\u00e9e to the weekend following the Victoria Day Long Weekend when the weather was more agreeable for hosting an outdoor event. Approximately 800 guests attended the outdoor event held on the grounds of Government House. Tours of the 125 year old House were offered as well as refreshments and entertainment.<\/p>\n<p>On January 1, 2010 the Honourable Philip Lee returned to hosting the traditional public New Year\u2019s Lev\u00e9e at the Manitoba Legislative Building.<\/p>\n","protected":false},"excerpt":{"rendered":"<p>The annual New Year\u2019s Day Lev\u00e9e, hosted by the Governor General, the Lieutenant Governor, military establishments, municipalities and other institutions, has an unusual and interesting origin. The word Lev\u00e9e is derived from the French verb lever \u2013 to rise (specifically from one\u2019s bed) \u2013 and has its origins in the Lev\u00e9e du Soleil or Rising of the Sun instituted by King Louis XIV (1643 \u2013 1715) whose custom it was to receive his male subjects in the Royal bedchamber just after arising, a practice which subsequently spread throughout Europe. The Lev\u00e9e crossed the English Channel in the 18th Century, and in Great Britain and Ireland became a formal Court assembly (reception) given by the Sovereign or his\/her representative in the forenoon or early afternoon, at which only men were received. In the New World colonies, the Lev\u00e9e was held by the Governor acting on behalf of the Monarch. Because settlers were widely scattered, and separated from the seat of Government, the annual Lev\u00e9e was a very important event, and attendance by village leaders and public dignitaries was compulsory. It was in Canada that the Lev\u00e9e became associated with New Year\u2019s Day. The holding of a Lev\u00e9e by the Governor General and Lieutenant Governors on New Year\u2019s Day is not a continuation of the precedent set by the Sovereign they represent, but rather perpetuates an ancient custom of this country, dating from the days of the fur trade. The people of the trade traditionally paid their respects to their representative of government \u2013 the Master of the Fort \u2013 on New Year\u2019s Day. The first recorded Lev\u00e9e in Canada was held on January 1st, 1646 in the Ch\u00e2teau St. Louis by Charles Huault de Montmagny, Governor of New France (later Qu\u00e9bec) from 1636 to 1648. In addition to shaking hands and wishing a Happy New Year to citizens presenting themselves at the Ch\u00e2teau, the Governor informed guests of significant events in the Mother Country, as well as the state of affairs within the colony. (This tradition is carried on today within The Commonwealth in the form of The Kings\u2019s New Year\u2019s Message. The State-of-the-Union address by the President of the United States, although not delivered on New Year\u2019s Day, has similar origins.) In turn, the settlers were expected to pledge anew their allegiance to the Crown. The Lev\u00e9e tradition was continued by British Colonial Governors in Canada, and subsequently by Governors General and Lieutenant Governors, and continues to the present day. Although receptions hosted by the President of the United States of America are occasionally referred to as Lev\u00e9es, over the years, the Lev\u00e9e has become almost solely a Canadian observance. Today, the word Lev\u00e9e describes the receptions (usually \u2013 but not necessarily \u2013 on New Year\u2019s Day) held by the Governor General, the Lieutenant Governors of the Provinces, the Military, and others, to mark the advent of another year and to provide an opportunity for the public to pay their respects. The Lev\u00e9e has a long tradition in the Canadian Forces as one of the activities associated with New Year\u2019s Day. In years past, Military Commanders garrisoned throughout the vast expanse of Canada held local Lev\u00e9es since, as Commissioned Officers, they were expected to act on behalf of the Crown on such occasions. Today, as in bygone years, members of the various Canadian Forces units and Headquarters across Canada receive and greet visiting military and civilian guests in the convivial spirit of the first day of the New Year. Refreshments were clearly an important element in the New Year\u2019s festivities. A report of the New Year\u2019s Lev\u00e9e held in Brandon House in Manitoba in 1797 indicted that \u201c\u2026in the morning the Canadians (men of the North West Company) make the House and Yard ring with saluting (the firing of rifles). The House then filled with them when they all got a dram each\u201d. Simpson\u2019s Athabasca Journal reports that on January 1st, 1821, \u201cthe Festivities of the New Year commenced at four o\u2019clock this morning when the people honoured me with a salute of fire arms, and in half an hour afterwards the whole Inmates of our Garrison assembled in the hall dressed out in their best clothes, and were regaled in a suitable manner with a few flagons of rum and some cakes. A full allowance of Buffalo meat was served out to them and a pint of spirits for each man\u201d. In military messes, hospitality is dispensed in a variety of forms, from the Moose Milk (with rum often substituted for whisky), and the special flaming punch of the Royal Canadian Hussars of Montreal \u2013 a concoction bequeathed to the regiment by the old 1st Motor Machine Gun Brigade, and requiring a month to prepare \u2013 to the famed Athole Brose, the brew of oatmeal, honey and whisky of the Seaforth Highlanders of Canada, Vancouver. Historically, the Lev\u00e9e has been largely a male preserve having its origins, as previously mentioned, in the Royal bedchamber. This custom persisted, in part, because of societal practices of earlier days, and quite possibly the fact that it was an occasion enlivened by quantities of rum or other spirits, and thus was often a raucous celebration. During the Second World War, Lev\u00e9es were attended by female officers of the Armed Forces, and since then the \u201cmen only\u201d tradition has given way to Lev\u00e9es attended by both men and women. From the rather boisterous celebrations of early times to the somewhat more sedate, if informal, event of today, the Lev\u00e9e has evolved into an occasion to call upon representatives of the Sovereign, military, and municipal governments, to exchange New Year\u2019s greetings and best wishes for the coming year, and to renew old acquaintances and meet new friends in a convivial atmosphere. It is also an opportunity to reflect on the events of the past year and to welcome in the challenges and opportunities of the New Year. Manitoba\u2019s fist Lieutenant Governor, The Honourable Adams Archibald, held a reception at Upper Fort Garry on September<\/p>\n","protected":false},"author":2,"featured_media":0,"parent":13325,"menu_order":0,"comment_status":"closed","ping_status":"closed","template":"","meta":{"_acf_changed":false,"footnotes":""},"class_list":["post-13504","page","type-page","status-publish","hentry"],"acf":[],"_links":{"self":[{"href":"https:\/\/manitobalg.ca\/fr-ca\/wp-json\/wp\/v2\/pages\/13504","targetHints":{"allow":["GET"]}}],"collection":[{"href":"https:\/\/manitobalg.ca\/fr-ca\/wp-json\/wp\/v2\/pages"}],"about":[{"href":"https:\/\/manitobalg.ca\/fr-ca\/wp-json\/wp\/v2\/types\/page"}],"author":[{"embeddable":true,"href":"https:\/\/manitobalg.ca\/fr-ca\/wp-json\/wp\/v2\/users\/2"}],"replies":[{"embeddable":true,"href":"https:\/\/manitobalg.ca\/fr-ca\/wp-json\/wp\/v2\/comments?post=13504"}],"version-history":[{"count":0,"href":"https:\/\/manitobalg.ca\/fr-ca\/wp-json\/wp\/v2\/pages\/13504\/revisions"}],"up":[{"embeddable":true,"href":"https:\/\/manitobalg.ca\/fr-ca\/wp-json\/wp\/v2\/pages\/13325"}],"wp:attachment":[{"href":"https:\/\/manitobalg.ca\/fr-ca\/wp-json\/wp\/v2\/media?parent=13504"}],"curies":[{"name":"wp","href":"https:\/\/api.w.org\/{rel}","templated":true}]}}