{"id":13506,"date":"2023-03-28T15:19:14","date_gmt":"2023-03-28T20:19:14","guid":{"rendered":"https:\/\/manitobalg.ca\/histoire\/the-kings-winnipeg-speech-1939\/"},"modified":"2023-05-01T11:58:08","modified_gmt":"2023-05-01T16:58:08","slug":"le-discours-du-roi-winnipeg-1939","status":"publish","type":"page","link":"https:\/\/manitobalg.ca\/fr-ca\/histoire\/le-discours-du-roi-winnipeg-1939\/","title":{"rendered":"Le discours du roi (Winnipeg) \u2013 1939"},"content":{"rendered":"<p>On peut voir ici le roi George\u00a0VI s\u2019adresser par radiodiffusion \u00e0 l\u2019empire \u00e0 partir de la r\u00e9sidence du lieutenant-gouverneur \u00e0 Winnipeg, le 24\u00a0mai\u00a01939. Cette ann\u00e9e-l\u00e0, le roi George\u00a0VI et la Reine ont visit\u00e9 le Canada. \u00c0 leur arriv\u00e9e \u00e0 Winnipeg lors de l\u2019Empire Day (aujourd\u2019hui appel\u00e9 la f\u00eate de Victoria), le roi George\u00a0VI a diffus\u00e9 un message \u00e0 l\u2019empire \u00e0 partir de la biblioth\u00e8que de la r\u00e9sidence du lieutenant-gouverneur. En septembre\u00a01939, il a fait une autre radiodiffusion pour aviser l\u2019empire que la Grande-Bretagne \u00e9tait en guerre. C\u2019est ce discours qui a inspir\u00e9 le film <em>Le Discours d\u2019un roi<\/em>.<\/p>\n<p><img fetchpriority=\"high\" decoding=\"async\" class=\" wp-image-10319 alignnone\" src=\"https:\/\/manitobalg.ca\/wp-content\/uploads\/2023\/03\/DLittle-Photo-May-10-2018-0380B-1-1536x1320-1-300x258.jpeg\" alt=\"\" width=\"1079\" height=\"928\" srcset=\"https:\/\/manitobalg.ca\/wp-content\/uploads\/2023\/03\/DLittle-Photo-May-10-2018-0380B-1-1536x1320-1-300x258.jpeg 300w, https:\/\/manitobalg.ca\/wp-content\/uploads\/2023\/03\/DLittle-Photo-May-10-2018-0380B-1-1536x1320-1-1024x880.jpeg 1024w, https:\/\/manitobalg.ca\/wp-content\/uploads\/2023\/03\/DLittle-Photo-May-10-2018-0380B-1-1536x1320-1-768x660.jpeg 768w, https:\/\/manitobalg.ca\/wp-content\/uploads\/2023\/03\/DLittle-Photo-May-10-2018-0380B-1-1536x1320-1.jpeg 1536w\" sizes=\"(max-width: 1079px) 100vw, 1079px\" \/><\/p>\n<p><em>\u00c0 la r\u00e9sidence du lieutenant-gouverneur \u00e0 Winnipeg, au Manitoba, le 24\u00a0mai\u00a01939<\/em><\/p>\n","protected":false},"excerpt":{"rendered":"<p>On peut voir ici le roi George\u00a0VI s\u2019adresser par radiodiffusion \u00e0 l\u2019empire \u00e0 partir de la r\u00e9sidence du lieutenant-gouverneur \u00e0 Winnipeg, le 24\u00a0mai\u00a01939. Cette ann\u00e9e-l\u00e0, le roi George\u00a0VI et la Reine ont visit\u00e9 le Canada. \u00c0 leur arriv\u00e9e \u00e0 Winnipeg lors de l\u2019Empire Day (aujourd\u2019hui appel\u00e9 la f\u00eate de Victoria), le roi George\u00a0VI a diffus\u00e9 un message \u00e0 l\u2019empire \u00e0 partir de la biblioth\u00e8que de la r\u00e9sidence du lieutenant-gouverneur. En septembre\u00a01939, il a fait une autre radiodiffusion pour aviser l\u2019empire que la Grande-Bretagne \u00e9tait en guerre. C\u2019est ce discours qui a inspir\u00e9 le film Le Discours d\u2019un roi. \u00c0 la r\u00e9sidence du lieutenant-gouverneur \u00e0 Winnipeg, au Manitoba, le 24\u00a0mai\u00a01939<\/p>\n","protected":false},"author":2,"featured_media":0,"parent":13325,"menu_order":0,"comment_status":"closed","ping_status":"closed","template":"","meta":{"_acf_changed":false,"footnotes":""},"class_list":["post-13506","page","type-page","status-publish","hentry"],"acf":[],"_links":{"self":[{"href":"https:\/\/manitobalg.ca\/fr-ca\/wp-json\/wp\/v2\/pages\/13506","targetHints":{"allow":["GET"]}}],"collection":[{"href":"https:\/\/manitobalg.ca\/fr-ca\/wp-json\/wp\/v2\/pages"}],"about":[{"href":"https:\/\/manitobalg.ca\/fr-ca\/wp-json\/wp\/v2\/types\/page"}],"author":[{"embeddable":true,"href":"https:\/\/manitobalg.ca\/fr-ca\/wp-json\/wp\/v2\/users\/2"}],"replies":[{"embeddable":true,"href":"https:\/\/manitobalg.ca\/fr-ca\/wp-json\/wp\/v2\/comments?post=13506"}],"version-history":[{"count":1,"href":"https:\/\/manitobalg.ca\/fr-ca\/wp-json\/wp\/v2\/pages\/13506\/revisions"}],"predecessor-version":[{"id":13687,"href":"https:\/\/manitobalg.ca\/fr-ca\/wp-json\/wp\/v2\/pages\/13506\/revisions\/13687"}],"up":[{"embeddable":true,"href":"https:\/\/manitobalg.ca\/fr-ca\/wp-json\/wp\/v2\/pages\/13325"}],"wp:attachment":[{"href":"https:\/\/manitobalg.ca\/fr-ca\/wp-json\/wp\/v2\/media?parent=13506"}],"curies":[{"name":"wp","href":"https:\/\/api.w.org\/{rel}","templated":true}]}}