{"id":14580,"date":"2023-08-17T09:57:02","date_gmt":"2023-08-17T14:57:02","guid":{"rendered":"https:\/\/manitobalg.ca\/?page_id=14580"},"modified":"2023-08-17T09:59:42","modified_gmt":"2023-08-17T14:59:42","slug":"demander-inviter-evenements","status":"publish","type":"page","link":"https:\/\/manitobalg.ca\/fr-ca\/demandes\/demander-inviter-evenements\/","title":{"rendered":"Demander la tenue d\u2019activit\u00e9s \u00e0 la r\u00e9sidence de la lieutenante-gouverneure ou inviter la lieutenante-gouverneure \u00e0 assister \u00e0 votre \u00e9v\u00e9nement"},"content":{"rendered":"<p>Le r\u00f4le de la lieutenante-gouverneure consiste, dans une large mesure, \u00e0 honorer des Manitobains exceptionnels, \u00e0 \u00e9tablir des liens avec les citoyens de la province et \u00e0 les inspirer. C\u2019est pourquoi Son Honneur se r\u00e9jouit \u00e0 la perspective de tenir un grand nombre d\u2019\u00e9v\u00e9nements chaque ann\u00e9e \u00e0 sa r\u00e9sidence et dans les collectivit\u00e9s, grandes et petites, du Manitoba de m\u00eame que d\u2019y participer.<\/p>\n<p>Si vous souhaitez demander \u00e0 la lieutenante-gouverneure de tenir \u00e0 sa r\u00e9sidence des activit\u00e9s dans le cadre d\u2019un \u00e9v\u00e9nement que votre organisme souhaite c\u00e9l\u00e9brer ou, encore, si vous souhaitez l\u2019inviter \u00e0 assister aux activit\u00e9s que vous organisez, veuillez lui adresser une demande ou une invitation dans le respect du protocole appropri\u00e9. Vous devez inclure le plus de d\u00e9tails possible dans votre lettre en prenant soin, par exemple\u00a0:<\/p>\n<ul>\n<li>de fournir des renseignements de base au sujet de l\u2019activit\u00e9 ou de l\u2019organisme;<\/li>\n<li>de pr\u00e9ciser la date, l\u2019heure et le lieu de l\u2019activit\u00e9 (et s\u2019il y a une marge de man\u0153uvre \u00e0 cet \u00e9gard);<\/li>\n<li>d\u2019indiquer le nombre de personnes attendues;<\/li>\n<li>de d\u00e9crire le r\u00f4le que vous aimeriez y voir jouer la lieutenante-gouverneure, par exemple remettre un prix ou prononcer une allocution de bienvenue;<\/li>\n<li>de donner le nom, le titre, le num\u00e9ro de t\u00e9l\u00e9phone et le courriel d\u2019une personne- ressource.<\/li>\n<\/ul>\n<p>L\u2019appel de l\u2019invitation doit \u00eatre\u00a0: Votre Honneur.<\/p>\n<p>Veuillez faire parvenir votre lettre \u00e0 :<\/p>\n<p class=\"invite-address\">L\u2019Honorable Anita R. Neville, P.C., O.M.<br \/>\nLieutenante-gouverneure du Manitoba<br \/>\nPalais l\u00e9gislatif, bureau 235<br \/>\nWinnipeg (Manitoba) R3C 0V8<\/p>\n<p>Votre lettre doit \u00eatre envoy\u00e9e au bureau deux ou trois mois avant la date de l\u2019\u00e9v\u00e9nement.<\/p>\n<p>Si vous avez besoin de plus amples renseignements, veuillez communiquer avec le Bureau de la lieutenante-gouverneure au <a href=\"tel:2049452753\">204 945-2753<\/a> ou remplir le formulaire que vous trouverez sur la page \u00abDemandes\u00bb.<\/p>\n","protected":false},"excerpt":{"rendered":"<p>Le r\u00f4le de la lieutenante-gouverneure consiste, dans une large mesure, \u00e0 honorer des Manitobains exceptionnels, \u00e0 \u00e9tablir des liens avec les citoyens de la province et \u00e0 les inspirer. C\u2019est pourquoi Son Honneur se r\u00e9jouit \u00e0 la perspective de tenir un grand nombre d\u2019\u00e9v\u00e9nements chaque ann\u00e9e \u00e0 sa r\u00e9sidence et dans les collectivit\u00e9s, grandes et petites, du Manitoba de m\u00eame que d\u2019y participer. Si vous souhaitez demander \u00e0 la lieutenante-gouverneure de tenir \u00e0 sa r\u00e9sidence des activit\u00e9s dans le cadre d\u2019un \u00e9v\u00e9nement que votre organisme souhaite c\u00e9l\u00e9brer ou, encore, si vous souhaitez l\u2019inviter \u00e0 assister aux activit\u00e9s que vous organisez, veuillez lui adresser une demande ou une invitation dans le respect du protocole appropri\u00e9. Vous devez inclure le plus de d\u00e9tails possible dans votre lettre en prenant soin, par exemple\u00a0: de fournir des renseignements de base au sujet de l\u2019activit\u00e9 ou de l\u2019organisme; de pr\u00e9ciser la date, l\u2019heure et le lieu de l\u2019activit\u00e9 (et s\u2019il y a une marge de man\u0153uvre \u00e0 cet \u00e9gard); d\u2019indiquer le nombre de personnes attendues; de d\u00e9crire le r\u00f4le que vous aimeriez y voir jouer la lieutenante-gouverneure, par exemple remettre un prix ou prononcer une allocution de bienvenue; de donner le nom, le titre, le num\u00e9ro de t\u00e9l\u00e9phone et le courriel d\u2019une personne- ressource. L\u2019appel de l\u2019invitation doit \u00eatre\u00a0: Votre Honneur. Veuillez faire parvenir votre lettre \u00e0 : L\u2019Honorable Anita R. Neville, P.C., O.M. Lieutenante-gouverneure du Manitoba Palais l\u00e9gislatif, bureau 235 Winnipeg (Manitoba) R3C 0V8 Votre lettre doit \u00eatre envoy\u00e9e au bureau deux ou trois mois avant la date de l\u2019\u00e9v\u00e9nement. Si vous avez besoin de plus amples renseignements, veuillez communiquer avec le Bureau de la lieutenante-gouverneure au 204 945-2753 ou remplir le formulaire que vous trouverez sur la page \u00abDemandes\u00bb.<\/p>\n","protected":false},"author":2,"featured_media":0,"parent":13327,"menu_order":0,"comment_status":"closed","ping_status":"closed","template":"","meta":{"_acf_changed":false,"footnotes":""},"class_list":["post-14580","page","type-page","status-publish","hentry"],"acf":[],"_links":{"self":[{"href":"https:\/\/manitobalg.ca\/fr-ca\/wp-json\/wp\/v2\/pages\/14580","targetHints":{"allow":["GET"]}}],"collection":[{"href":"https:\/\/manitobalg.ca\/fr-ca\/wp-json\/wp\/v2\/pages"}],"about":[{"href":"https:\/\/manitobalg.ca\/fr-ca\/wp-json\/wp\/v2\/types\/page"}],"author":[{"embeddable":true,"href":"https:\/\/manitobalg.ca\/fr-ca\/wp-json\/wp\/v2\/users\/2"}],"replies":[{"embeddable":true,"href":"https:\/\/manitobalg.ca\/fr-ca\/wp-json\/wp\/v2\/comments?post=14580"}],"version-history":[{"count":1,"href":"https:\/\/manitobalg.ca\/fr-ca\/wp-json\/wp\/v2\/pages\/14580\/revisions"}],"predecessor-version":[{"id":14581,"href":"https:\/\/manitobalg.ca\/fr-ca\/wp-json\/wp\/v2\/pages\/14580\/revisions\/14581"}],"up":[{"embeddable":true,"href":"https:\/\/manitobalg.ca\/fr-ca\/wp-json\/wp\/v2\/pages\/13327"}],"wp:attachment":[{"href":"https:\/\/manitobalg.ca\/fr-ca\/wp-json\/wp\/v2\/media?parent=14580"}],"curies":[{"name":"wp","href":"https:\/\/api.w.org\/{rel}","templated":true}]}}